{"id":28825,"date":"2023-05-09T08:25:35","date_gmt":"2023-05-09T06:25:35","guid":{"rendered":"https:\/\/vcd.oms-smart.de\/?page_id=28825"},"modified":"2023-05-09T08:26:27","modified_gmt":"2023-05-09T06:26:27","slug":"imprint","status":"publish","type":"page","link":"https:\/\/villas.hosting.omsag.de\/en\/imprint\/","title":{"rendered":"Imprint"},"content":{"rendered":"<p><strong>Anbieter und verantwortlich f\u00fcr den Inhalt dieser Internetseiten<\/strong><\/p>\n<p><strong>MaisonAzur<\/strong><br \/>\nMaisonAzur Simone Andres GmbH + Co KG, HRB 31552<br \/>\nRegistergericht K\u00f6ln, UST-ID: DE187558440<br \/>\nSimone Andres GmbH HRB 85669,\u00a0Maklerzulassung 34c<br \/>\nGesch\u00e4ftsf\u00fchrerin\/ Owner Simone Andres<br \/>\nSitz: Br\u00fcckenstr. 24,\u00a051643 Gummersbach,\u00a0Deutschland<\/p>\n<p>Phone: 0033 (0)6 06 59 06 23<\/p>\n<p>Fax:\u00a000 49 (0)69 90 01 96 22<\/p>\n<p><strong>Partner:<\/strong><br \/>\nSusanne Dorn, Tel: + 33 (0) 6 12 24 19 68, susannedorn@gmail.com<br \/>\nAgence Risani<br \/>\n44 bd. de la Republique, 06240 Beausoleil<br \/>\nCarte Prof. 3512T Prefecture des Alpes-Maritimes, Garantie 30.000 \u20ac<\/p>\n<p><strong>Partner:<\/strong><br \/>\nSteffi Vorneweg, Tel: +33 (0) 6 19 63 96 09, steffivorneweg@me.com<br \/>\nAgence de Provence<br \/>\n12, Route de Valbonne, 06130 Plascassier<br \/>\n(SARL NIRO, Carte Professionelle N\u00b011902 Alpes Maritimes, Pr\u00e9fecture des Alpes Maritimes garanti par la CGAIM pour un montant de 120.000 \u20ac)<\/p>\n<p><strong>Design:<br \/>\n<\/strong>Simone Andres<\/p>\n<p><strong>Technische Umsetzung:<br \/>\n<\/strong><a href=\"http:\/\/nuisol.com\/\" target=\"_blank\" rel=\"noopener\">NUISOL\u00a0\u00b7 Agentur f\u00fcr digitale Aha-Erlebnisse<\/a><br \/>\nInh. Christian Kuhn<br \/>\nWindm\u00fchlstr. 1<br \/>\nD-60329 Frankfurt am Main<\/p>\n<h2>Urheberrecht<\/h2>\n<p>Copyright MaisonAzur. Alle Rechte vorbehalten. Alle Texte, Bilder, Grafiken, sowie deren Anordnung unterliegen dem Urheberrecht und anderen Gesetzen zum Schutz des geistigen Eigentums. Sie d\u00fcrfen nicht zu kommerziellen Zwecken kopiert, ver\u00e4ndert oder auf anderen Websites verwendet werden. Einige Seiten enthalten auch Bilder, die dem Urheberrecht derjenigen unterliegen, die diese zur Verf\u00fcgung gestellt haben. Haftung Diese Internet-Seite wurde mit gr\u00f6\u00dftm\u00f6glicher Sorgfalt zusammengestellt. Trotzdem kann keine Gew\u00e4hr f\u00fcr die Fehlerfreiheit und Genauigkeit der enthaltenen Informationen \u00fcbernommen werden. MaisonAzur stellt die Informationen ohne jegliche Zusicherung oder Gew\u00e4hrleistung jedweder Art, sei sie ausdr\u00fccklich oder stillschweigend, zur Verf\u00fcgung. Sofern von dieser Internet-Seite auf andere Web-Seiten verwiesen wird, die von Dritten betrieben werden, \u00fcbernimmt MaisonAzur keine Verantwortung f\u00fcr deren Inhalte.<\/p>\n","protected":false},"excerpt":{"rendered":"<p>Anbieter und verantwortlich f\u00fcr den Inhalt dieser Internetseiten MaisonAzur MaisonAzur Simone Andres GmbH + Co KG, HRB 31552 Registergericht K\u00f6ln, UST-ID: DE187558440 Simone Andres GmbH HRB 85669,\u00a0Maklerzulassung 34c Gesch\u00e4ftsf\u00fchrerin\/ Owner Simone Andres Sitz: Br\u00fcckenstr. 24,\u00a051643 Gummersbach,\u00a0Deutschland Phone: 0033 (0)6 06 59 06 23 Fax:\u00a000 49 (0)69 90 01 96 22 Partner: Susanne Dorn, Tel: + &#8230;<\/p>\n","protected":false},"author":1,"featured_media":0,"parent":0,"menu_order":0,"comment_status":"closed","ping_status":"closed","template":"","meta":{"_acf_changed":false,"footnotes":""},"class_list":["post-28825","page","type-page","status-publish","hentry"],"acf":[],"yoast_head":"<!-- This site is optimized with the Yoast SEO plugin v24.1 - https:\/\/yoast.com\/wordpress\/plugins\/seo\/ -->\n<title>Imprint - MaisonAzur<\/title>\n<meta name=\"robots\" content=\"index, follow, max-snippet:-1, max-image-preview:large, max-video-preview:-1\" \/>\n<link rel=\"canonical\" href=\"https:\/\/villas.hosting.omsag.de\/impressum\/\" \/>\n<meta property=\"og:locale\" content=\"en_US\" \/>\n<meta property=\"og:type\" content=\"article\" \/>\n<meta property=\"og:title\" content=\"Imprint - MaisonAzur\" \/>\n<meta property=\"og:description\" content=\"Anbieter und verantwortlich f\u00fcr den Inhalt dieser Internetseiten MaisonAzur MaisonAzur Simone Andres GmbH + Co KG, HRB 31552 Registergericht K\u00f6ln, UST-ID: DE187558440 Simone Andres GmbH HRB 85669,\u00a0Maklerzulassung 34c Gesch\u00e4ftsf\u00fchrerin\/ Owner Simone Andres Sitz: Br\u00fcckenstr. 24,\u00a051643 Gummersbach,\u00a0Deutschland Phone: 0033 (0)6 06 59 06 23 Fax:\u00a000 49 (0)69 90 01 96 22 Partner: Susanne Dorn, Tel: + ...\" \/>\n<meta property=\"og:url\" content=\"https:\/\/villas.hosting.omsag.de\/impressum\/\" \/>\n<meta property=\"og:site_name\" content=\"MaisonAzur\" \/>\n<meta property=\"article:modified_time\" content=\"2023-05-09T06:26:27+00:00\" \/>\n<meta name=\"twitter:card\" content=\"summary_large_image\" \/>\n<meta name=\"twitter:label1\" content=\"Est. reading time\" \/>\n\t<meta name=\"twitter:data1\" content=\"1 minute\" \/>\n<script type=\"application\/ld+json\" class=\"yoast-schema-graph\">{\"@context\":\"https:\/\/schema.org\",\"@graph\":[{\"@type\":\"WebPage\",\"@id\":\"https:\/\/villas.hosting.omsag.de\/impressum\/\",\"url\":\"https:\/\/villas.hosting.omsag.de\/impressum\/\",\"name\":\"Imprint - MaisonAzur\",\"isPartOf\":{\"@id\":\"https:\/\/villas.hosting.omsag.de\/#website\"},\"datePublished\":\"2023-05-09T06:25:35+00:00\",\"dateModified\":\"2023-05-09T06:26:27+00:00\",\"breadcrumb\":{\"@id\":\"https:\/\/villas.hosting.omsag.de\/impressum\/#breadcrumb\"},\"inLanguage\":\"en-US\",\"potentialAction\":[{\"@type\":\"ReadAction\",\"target\":[\"https:\/\/villas.hosting.omsag.de\/impressum\/\"]}]},{\"@type\":\"BreadcrumbList\",\"@id\":\"https:\/\/villas.hosting.omsag.de\/impressum\/#breadcrumb\",\"itemListElement\":[{\"@type\":\"ListItem\",\"position\":1,\"name\":\"Startseite\",\"item\":\"https:\/\/villas.hosting.omsag.de\/\"},{\"@type\":\"ListItem\",\"position\":2,\"name\":\"Imprint\"}]},{\"@type\":\"WebSite\",\"@id\":\"https:\/\/villas.hosting.omsag.de\/#website\",\"url\":\"https:\/\/villas.hosting.omsag.de\/\",\"name\":\"MaisonAzur\",\"description\":\"\",\"potentialAction\":[{\"@type\":\"SearchAction\",\"target\":{\"@type\":\"EntryPoint\",\"urlTemplate\":\"https:\/\/villas.hosting.omsag.de\/?s={search_term_string}\"},\"query-input\":{\"@type\":\"PropertyValueSpecification\",\"valueRequired\":true,\"valueName\":\"search_term_string\"}}],\"inLanguage\":\"en-US\"}]}<\/script>\n<!-- \/ Yoast SEO plugin. -->","yoast_head_json":{"title":"Imprint - MaisonAzur","robots":{"index":"index","follow":"follow","max-snippet":"max-snippet:-1","max-image-preview":"max-image-preview:large","max-video-preview":"max-video-preview:-1"},"canonical":"https:\/\/villas.hosting.omsag.de\/impressum\/","og_locale":"en_US","og_type":"article","og_title":"Imprint - MaisonAzur","og_description":"Anbieter und verantwortlich f\u00fcr den Inhalt dieser Internetseiten MaisonAzur MaisonAzur Simone Andres GmbH + Co KG, HRB 31552 Registergericht K\u00f6ln, UST-ID: DE187558440 Simone Andres GmbH HRB 85669,\u00a0Maklerzulassung 34c Gesch\u00e4ftsf\u00fchrerin\/ Owner Simone Andres Sitz: Br\u00fcckenstr. 24,\u00a051643 Gummersbach,\u00a0Deutschland Phone: 0033 (0)6 06 59 06 23 Fax:\u00a000 49 (0)69 90 01 96 22 Partner: Susanne Dorn, Tel: + ...","og_url":"https:\/\/villas.hosting.omsag.de\/impressum\/","og_site_name":"MaisonAzur","article_modified_time":"2023-05-09T06:26:27+00:00","twitter_card":"summary_large_image","twitter_misc":{"Est. reading time":"1 minute"},"schema":{"@context":"https:\/\/schema.org","@graph":[{"@type":"WebPage","@id":"https:\/\/villas.hosting.omsag.de\/impressum\/","url":"https:\/\/villas.hosting.omsag.de\/impressum\/","name":"Imprint - MaisonAzur","isPartOf":{"@id":"https:\/\/villas.hosting.omsag.de\/#website"},"datePublished":"2023-05-09T06:25:35+00:00","dateModified":"2023-05-09T06:26:27+00:00","breadcrumb":{"@id":"https:\/\/villas.hosting.omsag.de\/impressum\/#breadcrumb"},"inLanguage":"en-US","potentialAction":[{"@type":"ReadAction","target":["https:\/\/villas.hosting.omsag.de\/impressum\/"]}]},{"@type":"BreadcrumbList","@id":"https:\/\/villas.hosting.omsag.de\/impressum\/#breadcrumb","itemListElement":[{"@type":"ListItem","position":1,"name":"Startseite","item":"https:\/\/villas.hosting.omsag.de\/"},{"@type":"ListItem","position":2,"name":"Imprint"}]},{"@type":"WebSite","@id":"https:\/\/villas.hosting.omsag.de\/#website","url":"https:\/\/villas.hosting.omsag.de\/","name":"MaisonAzur","description":"","potentialAction":[{"@type":"SearchAction","target":{"@type":"EntryPoint","urlTemplate":"https:\/\/villas.hosting.omsag.de\/?s={search_term_string}"},"query-input":{"@type":"PropertyValueSpecification","valueRequired":true,"valueName":"search_term_string"}}],"inLanguage":"en-US"}]}},"_links":{"self":[{"href":"https:\/\/villas.hosting.omsag.de\/en\/wp-json\/wp\/v2\/pages\/28825","targetHints":{"allow":["GET"]}}],"collection":[{"href":"https:\/\/villas.hosting.omsag.de\/en\/wp-json\/wp\/v2\/pages"}],"about":[{"href":"https:\/\/villas.hosting.omsag.de\/en\/wp-json\/wp\/v2\/types\/page"}],"author":[{"embeddable":true,"href":"https:\/\/villas.hosting.omsag.de\/en\/wp-json\/wp\/v2\/users\/1"}],"replies":[{"embeddable":true,"href":"https:\/\/villas.hosting.omsag.de\/en\/wp-json\/wp\/v2\/comments?post=28825"}],"version-history":[{"count":1,"href":"https:\/\/villas.hosting.omsag.de\/en\/wp-json\/wp\/v2\/pages\/28825\/revisions"}],"predecessor-version":[{"id":28826,"href":"https:\/\/villas.hosting.omsag.de\/en\/wp-json\/wp\/v2\/pages\/28825\/revisions\/28826"}],"wp:attachment":[{"href":"https:\/\/villas.hosting.omsag.de\/en\/wp-json\/wp\/v2\/media?parent=28825"}],"curies":[{"name":"wp","href":"https:\/\/api.w.org\/{rel}","templated":true}]}}