{"id":36993,"date":"2023-05-25T16:43:25","date_gmt":"2023-05-25T14:43:25","guid":{"rendered":"https:\/\/vcd.oms-smart.de\/cote-dazur-a-z\/ihr-traum-ferienhaus-direkt-an-der-cote-dazur-luxusurlaub-mit-hund\/"},"modified":"2024-03-20T08:29:33","modified_gmt":"2024-03-20T07:29:33","slug":"ihr-traum-ferienhaus-direkt-an-der-cote-dazur-luxusurlaub-mit-hund","status":"publish","type":"page","link":"https:\/\/villas.hosting.omsag.de\/en\/cote-dazur-a-z\/ihr-traum-ferienhaus-direkt-an-der-cote-dazur-luxusurlaub-mit-hund\/","title":{"rendered":"Ihr Traum-Ferienhaus direkt an der C\u00f4te d\u2019Azur: Luxusurlaub mit Hund"},"content":{"rendered":"<section class=\"wpb-content-wrapper\"><p>[vc_row][vc_column][vc_column_text css=&#8221;.vc_custom_1685025783213{margin-bottom: 20px !important;}&#8221;]<strong>MaisonAzur l\u00e4sst Tr\u00e4ume wahr werden. Finden Sie bei uns das Ferienhaus Ihrer Tr\u00e4ume an der paradiesischen C\u00f4te d\u2019Azur und genie\u00dfen Sie exklusiven Luxusurlaub in S\u00fcdfrankreich zusammen mit Ihrem Hund.<\/strong><\/p>\n<p>Saint-Tropez, Antibes, Cannes, Nizza. Goldene Str\u00e4nde an der t\u00fcrkisblauen C\u00f4te d\u2018Azur, die jeden unweigerlich an glamour\u00f6sen, luxuri\u00f6sen Urlaub denken lassen \u2026[\/vc_column_text][vc_btn title=&#8221;zu unseren Ferienh\u00e4usern&#8221; color=&#8221;sky&#8221; align=&#8221;center&#8221; link=&#8221;url:%2Fferienhaeuser%2F&#8221;][vc_column_text css=&#8221;.vc_custom_1685025800339{margin-top: 20px !important;margin-bottom: 50px !important;}&#8221;]Sie m\u00f6chten sich ein wenig Luxus im Urlaub g\u00f6nnen? Dann haben wir genau das Richtige f\u00fcr Sie \u2013 w\u00e4hlen Sie aus unserem sorgf\u00e4ltig ausgesuchten Angebot Ihr Wunsch-Ferienhaus an der luxuri\u00f6sen C\u00f4te d\u2019Azur. Bei MaisonAzur finden Sie verschiedene hundefreundliche Villen, in denen Ihr geliebter Vierbeiner ausdr\u00fccklich als Gast willkommen ist. Hier ist mond\u00e4ner Urlaub auch mit Hund m\u00f6glich.[\/vc_column_text][vc_column_text css=&#8221;.vc_custom_1685025710425{margin-top: 50px !important;margin-bottom: 50px !important;}&#8221;]<\/p>\n<h2>Verwirklichen Sie Ihren Traum vom Ferienhaus an der malerischen C\u00f4te d\u2018Azur und erleben Sie mit Ihrem Hund die exklusive K\u00fcstenregion in S\u00fcdfrankreich<\/h2>\n<p>Ein Urlaub in einem Ferienhaus an der wundervollen C\u00f4te d\u2019Azur lohnt sich immer, auch f\u00fcr Reisende mit Hund. Genie\u00dfen Sie die malerische Landschaft im direkten Hinterland, die wundersch\u00f6ne Mittelmeerk\u00fcste, das ganzj\u00e4hrig angenehm warme Klima und nat\u00fcrlich insbesondere den Charme einer der ber\u00fchmtesten und sch\u00f6nsten Urlaubsregionen Europas. Und das Beste? Sie k\u00f6nnen den Urlaub gemeinsam mit Ihrem geliebten Vierbeiner verbringen, denn in vielen unserer ausgew\u00e4hlten Villen begr\u00fc\u00dfen wir auch Ihr tierisches Familienmitglied herzlich als unseren Gast.<\/p>\n<p>Bei der Suche nach Ihrem\u00a0<a title=\"Ferienhaus S\u00fcdfrankreich mit Hund\" href=\"https:\/\/villas-cote-d-azur.de\/ferienhaus-suedfrankreich-mit-hund\/\">Traum-Ferienhaus in S\u00fcdfrankreich, in dem sie gemeinsam mit Ihrem geliebten Hund<\/a>\u00a0luxuri\u00f6sen Urlaub machen k\u00f6nnen, stehen wir Ihnen nat\u00fcrlich gerne auch unterst\u00fctzend zur Seite: Lassen Sie uns eine E-Mail mit Ihren individuellen W\u00fcnschen und Vorstellungen zukommen oder rufen Sie uns einfach an. Innerhalb von nur 24h erhalten Sie von uns eine Ihren Bed\u00fcrfnissen angepasste Auswahl an Angeboten unserer sch\u00f6nsten Feriendomizile an der C\u00f4te d\u2019Azur. Wir freuen uns darauf, von Ihnen zu h\u00f6ren.[\/vc_column_text]<div class=\" bottom-estate_property nobutton \"><div class=\" items_shortcode_wrapper\">\n<div itemscope itemtype=\"http:\/\/schema.org\/Product\" class=\"listing_wrapper col-md-6 shortcode-col property_unit_v3  property_flex propety_unit_3\" data-org=\"4\" data-listid=\"28760\" >\n    \n    <div class=\"property_listing\" >\n        \n\n            <div class=\"listing-unit-img-wrapper\"><a href=\"https:\/\/villas.hosting.omsag.de\/en\/properties\/cipriere\/\" target=\"_self\" ><img decoding=\"async\" itemprop=\"image\" src=\"https:\/\/villas.hosting.omsag.de\/wp-content\/uploads\/2023\/02\/Cipriere-31-400x314.jpg\"   class=\"b-lazy img-responsive wp-post-image lazy-hidden\" alt=\"HYERES-LE PRADET, VILLA \u00abCIPRIERE\u00bb\" \/><\/a><div class=\"price_unit_wrapper\"> <\/div><div class=\"price_unit\">Season:\u00a0from\u00a06.490 \u20ac - 8.290 \u20ac\/week\u00a0(min.\u00a01\u00a0weeks)<br \/>\r\nOff-Season:\u00a0from\u00a03.590 \u20ac\/week\u00a0(min.\u00a01\u00a0weeks)<\/div><\/div>\n            <div class=\"property_unit_action\">\n                <span class=\"icon-fav icon-fav-off\" data-original-title=\"add to favorites\" data-postid=\"28760\"><i class=\"fas fa-heart\"><\/i><\/span>\n            <\/div>\n\n\n\n            <div class=\"property_status_wrapper\"><\/div>\n            <div class=\"title-container\">\n\t\t\t\n\t\t\t<div class=\"symbole\" style=\"margin-top:20px;\"><img decoding=\"async\" class=\"proicon\" src=\"https:\/\/villas-cote-d-azur.de\/wp-content\/uploads\/2015\/05\/i-pool2x.png\" width=\"50\" alt=\"Haustier m\u00f6glich\"><img decoding=\"async\" class=\"proicon\" src=\"https:\/\/villas-cote-d-azur.de\/wp-content\/uploads\/2015\/05\/i-wifi2x.png\" width=\"50\" alt=\"Haustier m\u00f6glich\"><img decoding=\"async\" class=\"proicon\" src=\"https:\/\/villas-cote-d-azur.de\/wp-content\/uploads\/2015\/05\/i-family2x.png\" width=\"50\" alt=\"Haustier m\u00f6glich\"><img decoding=\"async\" class=\"proicon\" src=\"https:\/\/villas-cote-d-azur.de\/wp-content\/uploads\/2015\/05\/i-ac2x.png\" width=\"50\" alt=\"Haustier m\u00f6glich\"><img decoding=\"async\" class=\"proicon\" src=\"https:\/\/villas-cote-d-azur.de\/wp-content\/uploads\/2015\/05\/i-dog2x.png\" width=\"50\" alt=\"Haustier m\u00f6glich\"><img decoding=\"async\" class=\"proicon\" src=\"https:\/\/villas-cote-d-azur.de\/wp-content\/uploads\/2015\/05\/i-parking2x.png\" width=\"50\" alt=\"Haustier m\u00f6glich\"><\/div>\n                <div class=\"property-rating\"><i class=\"fas fa-star\"><\/i><i class=\"fas fa-star\"><\/i><i class=\"fas fa-star\"><\/i><i class=\"fas fa-star\"><\/i><i class=\"fas fa-star\"><\/i><\/div>\n                <div class=\"category_name\">\n                        <a  itemprop=\"url\"  href=\"https:\/\/villas.hosting.omsag.de\/en\/properties\/cipriere\/\"  class=\"listing_title_unit\" >\n    \n    \n<!--    <span itemprop=\"name\">-->\n    HYERES-LE PRADET, VILLA \u00abCIPRIERE\u00bb<!--    <\/span>-->\n<\/a>\t\t\t\t\t<span class=\"referenz\"><\/span>                    <div class=\"category_tagline actions_icon\">\n                        \t\t\t\t\t\t                    <\/div>\n\n                    <div class=\"category_tagline custom_details\">xxx\n                       <div class=\"custom_listing_data\"><i class=\"fas fa-home\"><\/i>330 m<sup>2<\/sup><\/div><div class=\"custom_listing_data\"><i class=\"fas fa-users\"><\/i>11<\/div><div class=\"custom_listing_data\"><i class=\"fas fa-bed\"><\/i>5<\/div><div class=\"custom_listing_data\"><i class=\"fas fa-map-marker-alt\"><\/i><a href=\"https:\/\/villas.hosting.omsag.de\/en\/city\/le-pradet-en\/\" rel=\"tag\">Le Pradet<\/a><\/div>\t\t\t\t\t\n\t\t\t\t\t<div class=\"haus-besch\">---<p>\t\t\t\t\t<\/div>\n                    <\/div>\n\t\t\t\t\t<div class=\"mehrerfahren\">\n\t\t\t\t\t<a href=\"https:\/\/villas.hosting.omsag.de\/en\/properties\/cipriere\/\"  class=\"weiterlesen\" >MEHR DETAILS<\/a>\n\t\t\t\t\t<\/div>\n                <\/div>\n\t\t\t\t\n\n            <\/div>\n            <\/div>\n<\/div>\n<\/div><\/div>[\/vc_column][\/vc_row]<\/p>\n<\/section>","protected":false},"excerpt":{"rendered":"<p>[vc_row][vc_column][vc_column_text css=&#8221;.vc_custom_1685025783213{margin-bottom: 20px !important;}&#8221;]MaisonAzur l\u00e4sst Tr\u00e4ume wahr werden. Finden Sie bei uns das Ferienhaus Ihrer Tr\u00e4ume an der paradiesischen C\u00f4te d\u2019Azur und genie\u00dfen Sie exklusiven Luxusurlaub in S\u00fcdfrankreich zusammen mit Ihrem Hund. Saint-Tropez, Antibes, Cannes, Nizza. Goldene Str\u00e4nde an der t\u00fcrkisblauen C\u00f4te d\u2018Azur, die jeden unweigerlich an glamour\u00f6sen, luxuri\u00f6sen Urlaub denken lassen \u2026[\/vc_column_text][vc_btn title=&#8221;zu unseren &#8230;<\/p>\n","protected":false},"author":1,"featured_media":0,"parent":29035,"menu_order":0,"comment_status":"closed","ping_status":"closed","template":"","meta":{"_acf_changed":false,"footnotes":""},"class_list":["post-36993","page","type-page","status-publish","hentry"],"acf":[],"yoast_head":"<!-- This site is optimized with the Yoast SEO plugin v24.1 - https:\/\/yoast.com\/wordpress\/plugins\/seo\/ -->\n<title>Ihr Traum-Ferienhaus direkt an der C\u00f4te d\u2019Azur: Luxusurlaub mit Hund - MaisonAzur<\/title>\n<meta name=\"robots\" content=\"index, follow, max-snippet:-1, max-image-preview:large, max-video-preview:-1\" \/>\n<link rel=\"canonical\" href=\"https:\/\/villas.hosting.omsag.de\/cote-dazur-a-z\/ihr-traum-ferienhaus-direkt-an-der-cote-dazur-luxusurlaub-mit-hund\/\" \/>\n<meta property=\"og:locale\" content=\"en_US\" \/>\n<meta property=\"og:type\" content=\"article\" \/>\n<meta property=\"og:title\" content=\"Ihr Traum-Ferienhaus direkt an der C\u00f4te d\u2019Azur: Luxusurlaub mit Hund - MaisonAzur\" \/>\n<meta property=\"og:description\" content=\"[vc_row][vc_column][vc_column_text css=&#8221;.vc_custom_1685025783213{margin-bottom: 20px !important;}&#8221;]MaisonAzur l\u00e4sst Tr\u00e4ume wahr werden. Finden Sie bei uns das Ferienhaus Ihrer Tr\u00e4ume an der paradiesischen C\u00f4te d\u2019Azur und genie\u00dfen Sie exklusiven Luxusurlaub in S\u00fcdfrankreich zusammen mit Ihrem Hund. Saint-Tropez, Antibes, Cannes, Nizza. Goldene Str\u00e4nde an der t\u00fcrkisblauen C\u00f4te d\u2018Azur, die jeden unweigerlich an glamour\u00f6sen, luxuri\u00f6sen Urlaub denken lassen \u2026[\/vc_column_text][vc_btn title=&#8221;zu unseren ...\" \/>\n<meta property=\"og:url\" content=\"https:\/\/villas.hosting.omsag.de\/cote-dazur-a-z\/ihr-traum-ferienhaus-direkt-an-der-cote-dazur-luxusurlaub-mit-hund\/\" \/>\n<meta property=\"og:site_name\" content=\"MaisonAzur\" \/>\n<meta property=\"article:modified_time\" content=\"2024-03-20T07:29:33+00:00\" \/>\n<meta name=\"twitter:card\" content=\"summary_large_image\" \/>\n<meta name=\"twitter:label1\" content=\"Est. reading time\" \/>\n\t<meta name=\"twitter:data1\" content=\"2 minutes\" \/>\n<script type=\"application\/ld+json\" class=\"yoast-schema-graph\">{\"@context\":\"https:\/\/schema.org\",\"@graph\":[{\"@type\":\"WebPage\",\"@id\":\"https:\/\/villas.hosting.omsag.de\/cote-dazur-a-z\/ihr-traum-ferienhaus-direkt-an-der-cote-dazur-luxusurlaub-mit-hund\/\",\"url\":\"https:\/\/villas.hosting.omsag.de\/cote-dazur-a-z\/ihr-traum-ferienhaus-direkt-an-der-cote-dazur-luxusurlaub-mit-hund\/\",\"name\":\"Ihr Traum-Ferienhaus direkt an der C\u00f4te d\u2019Azur: Luxusurlaub mit Hund - MaisonAzur\",\"isPartOf\":{\"@id\":\"https:\/\/villas.hosting.omsag.de\/#website\"},\"datePublished\":\"2023-05-25T14:43:25+00:00\",\"dateModified\":\"2024-03-20T07:29:33+00:00\",\"breadcrumb\":{\"@id\":\"https:\/\/villas.hosting.omsag.de\/cote-dazur-a-z\/ihr-traum-ferienhaus-direkt-an-der-cote-dazur-luxusurlaub-mit-hund\/#breadcrumb\"},\"inLanguage\":\"en-US\",\"potentialAction\":[{\"@type\":\"ReadAction\",\"target\":[\"https:\/\/villas.hosting.omsag.de\/cote-dazur-a-z\/ihr-traum-ferienhaus-direkt-an-der-cote-dazur-luxusurlaub-mit-hund\/\"]}]},{\"@type\":\"BreadcrumbList\",\"@id\":\"https:\/\/villas.hosting.omsag.de\/cote-dazur-a-z\/ihr-traum-ferienhaus-direkt-an-der-cote-dazur-luxusurlaub-mit-hund\/#breadcrumb\",\"itemListElement\":[{\"@type\":\"ListItem\",\"position\":1,\"name\":\"Startseite\",\"item\":\"https:\/\/villas.hosting.omsag.de\/\"},{\"@type\":\"ListItem\",\"position\":2,\"name\":\"Cote Dazur A-Z\",\"item\":\"https:\/\/villas.hosting.omsag.de\/cote-dazur-a-z\/\"},{\"@type\":\"ListItem\",\"position\":3,\"name\":\"Ihr Traum-Ferienhaus direkt an der C\u00f4te d\u2019Azur: Luxusurlaub mit Hund\"}]},{\"@type\":\"WebSite\",\"@id\":\"https:\/\/villas.hosting.omsag.de\/#website\",\"url\":\"https:\/\/villas.hosting.omsag.de\/\",\"name\":\"MaisonAzur\",\"description\":\"\",\"potentialAction\":[{\"@type\":\"SearchAction\",\"target\":{\"@type\":\"EntryPoint\",\"urlTemplate\":\"https:\/\/villas.hosting.omsag.de\/?s={search_term_string}\"},\"query-input\":{\"@type\":\"PropertyValueSpecification\",\"valueRequired\":true,\"valueName\":\"search_term_string\"}}],\"inLanguage\":\"en-US\"}]}<\/script>\n<!-- \/ Yoast SEO plugin. -->","yoast_head_json":{"title":"Ihr Traum-Ferienhaus direkt an der C\u00f4te d\u2019Azur: Luxusurlaub mit Hund - MaisonAzur","robots":{"index":"index","follow":"follow","max-snippet":"max-snippet:-1","max-image-preview":"max-image-preview:large","max-video-preview":"max-video-preview:-1"},"canonical":"https:\/\/villas.hosting.omsag.de\/cote-dazur-a-z\/ihr-traum-ferienhaus-direkt-an-der-cote-dazur-luxusurlaub-mit-hund\/","og_locale":"en_US","og_type":"article","og_title":"Ihr Traum-Ferienhaus direkt an der C\u00f4te d\u2019Azur: Luxusurlaub mit Hund - MaisonAzur","og_description":"[vc_row][vc_column][vc_column_text css=&#8221;.vc_custom_1685025783213{margin-bottom: 20px !important;}&#8221;]MaisonAzur l\u00e4sst Tr\u00e4ume wahr werden. Finden Sie bei uns das Ferienhaus Ihrer Tr\u00e4ume an der paradiesischen C\u00f4te d\u2019Azur und genie\u00dfen Sie exklusiven Luxusurlaub in S\u00fcdfrankreich zusammen mit Ihrem Hund. Saint-Tropez, Antibes, Cannes, Nizza. Goldene Str\u00e4nde an der t\u00fcrkisblauen C\u00f4te d\u2018Azur, die jeden unweigerlich an glamour\u00f6sen, luxuri\u00f6sen Urlaub denken lassen \u2026[\/vc_column_text][vc_btn title=&#8221;zu unseren ...","og_url":"https:\/\/villas.hosting.omsag.de\/cote-dazur-a-z\/ihr-traum-ferienhaus-direkt-an-der-cote-dazur-luxusurlaub-mit-hund\/","og_site_name":"MaisonAzur","article_modified_time":"2024-03-20T07:29:33+00:00","twitter_card":"summary_large_image","twitter_misc":{"Est. reading time":"2 minutes"},"schema":{"@context":"https:\/\/schema.org","@graph":[{"@type":"WebPage","@id":"https:\/\/villas.hosting.omsag.de\/cote-dazur-a-z\/ihr-traum-ferienhaus-direkt-an-der-cote-dazur-luxusurlaub-mit-hund\/","url":"https:\/\/villas.hosting.omsag.de\/cote-dazur-a-z\/ihr-traum-ferienhaus-direkt-an-der-cote-dazur-luxusurlaub-mit-hund\/","name":"Ihr Traum-Ferienhaus direkt an der C\u00f4te d\u2019Azur: Luxusurlaub mit Hund - MaisonAzur","isPartOf":{"@id":"https:\/\/villas.hosting.omsag.de\/#website"},"datePublished":"2023-05-25T14:43:25+00:00","dateModified":"2024-03-20T07:29:33+00:00","breadcrumb":{"@id":"https:\/\/villas.hosting.omsag.de\/cote-dazur-a-z\/ihr-traum-ferienhaus-direkt-an-der-cote-dazur-luxusurlaub-mit-hund\/#breadcrumb"},"inLanguage":"en-US","potentialAction":[{"@type":"ReadAction","target":["https:\/\/villas.hosting.omsag.de\/cote-dazur-a-z\/ihr-traum-ferienhaus-direkt-an-der-cote-dazur-luxusurlaub-mit-hund\/"]}]},{"@type":"BreadcrumbList","@id":"https:\/\/villas.hosting.omsag.de\/cote-dazur-a-z\/ihr-traum-ferienhaus-direkt-an-der-cote-dazur-luxusurlaub-mit-hund\/#breadcrumb","itemListElement":[{"@type":"ListItem","position":1,"name":"Startseite","item":"https:\/\/villas.hosting.omsag.de\/"},{"@type":"ListItem","position":2,"name":"Cote Dazur A-Z","item":"https:\/\/villas.hosting.omsag.de\/cote-dazur-a-z\/"},{"@type":"ListItem","position":3,"name":"Ihr Traum-Ferienhaus direkt an der C\u00f4te d\u2019Azur: Luxusurlaub mit Hund"}]},{"@type":"WebSite","@id":"https:\/\/villas.hosting.omsag.de\/#website","url":"https:\/\/villas.hosting.omsag.de\/","name":"MaisonAzur","description":"","potentialAction":[{"@type":"SearchAction","target":{"@type":"EntryPoint","urlTemplate":"https:\/\/villas.hosting.omsag.de\/?s={search_term_string}"},"query-input":{"@type":"PropertyValueSpecification","valueRequired":true,"valueName":"search_term_string"}}],"inLanguage":"en-US"}]}},"_links":{"self":[{"href":"https:\/\/villas.hosting.omsag.de\/en\/wp-json\/wp\/v2\/pages\/36993","targetHints":{"allow":["GET"]}}],"collection":[{"href":"https:\/\/villas.hosting.omsag.de\/en\/wp-json\/wp\/v2\/pages"}],"about":[{"href":"https:\/\/villas.hosting.omsag.de\/en\/wp-json\/wp\/v2\/types\/page"}],"author":[{"embeddable":true,"href":"https:\/\/villas.hosting.omsag.de\/en\/wp-json\/wp\/v2\/users\/1"}],"replies":[{"embeddable":true,"href":"https:\/\/villas.hosting.omsag.de\/en\/wp-json\/wp\/v2\/comments?post=36993"}],"version-history":[{"count":1,"href":"https:\/\/villas.hosting.omsag.de\/en\/wp-json\/wp\/v2\/pages\/36993\/revisions"}],"predecessor-version":[{"id":36994,"href":"https:\/\/villas.hosting.omsag.de\/en\/wp-json\/wp\/v2\/pages\/36993\/revisions\/36994"}],"up":[{"embeddable":true,"href":"https:\/\/villas.hosting.omsag.de\/en\/wp-json\/wp\/v2\/pages\/29035"}],"wp:attachment":[{"href":"https:\/\/villas.hosting.omsag.de\/en\/wp-json\/wp\/v2\/media?parent=36993"}],"curies":[{"name":"wp","href":"https:\/\/api.w.org\/{rel}","templated":true}]}}