{"id":36996,"date":"2023-05-26T16:41:38","date_gmt":"2023-05-26T14:41:38","guid":{"rendered":"https:\/\/vcd.oms-smart.de\/cote-dazur-a-z\/ferienhaus-cote-dazur-meerblick\/"},"modified":"2024-07-15T14:15:07","modified_gmt":"2024-07-15T12:15:07","slug":"ferienhaus-cote-dazur-meerblick","status":"publish","type":"page","link":"https:\/\/villas.hosting.omsag.de\/en\/cote-dazur-a-z\/ferienhaus-cote-dazur-meerblick\/","title":{"rendered":"Ihr wundervolles Ferienhaus an der C\u00f4te d\u2019Azur mit traumhaftem Meerblick"},"content":{"rendered":"<section class=\"wpb-content-wrapper\"><p>[vc_row][vc_column][vc_column_text css=&#8221;.vc_custom_1685112066436{margin-bottom: 50px !important;}&#8221;]<\/p>\n<h2>Vertrauen auch Sie auf S\u00fcdfrankreich-Spezialisten<\/h2>\n<p><strong>Ein Luxus-Urlaub, wie man ihn sich ihn nur ertr\u00e4umen kann: Mieten Sie ein Ferienhaus an der sch\u00f6nen C\u00f4te d&#8217;Azur und genie\u00dfen Sie einen sagenhaften Meerblick \u2013 ob zu zweit, mit Ihrer Gro\u00dffamilie oder den besten Freunden!<\/strong><\/p>\n<p>Die perfekte Ferienvilla f\u00fcr einen sorgenfreien Urlaub an der &#8220;azurblauen K\u00fcste&#8221; zu finden, erscheint oftmals nicht so einfach, wie zuvor erhofft. Setzen Sie deshalb auf erfahrene und zuverl\u00e4ssige Experten. Wir von MaisonAzur pr\u00fcfen die Qualit\u00e4t jedes einzelnen Luxus-Ferienobjekts mit gr\u00f6\u00dfter Sorgfalt. \u00dcberzeugt es uns, nehmen wir es in unser Angebot auf. Werfen auch Sie jetzt einen Blick in unser umfangreiches Angebot an wundersch\u00f6nen Ferienobjekten und entdecken Sie Ihr Traum-Ferienhaus an der C\u00f4te d&#8217;Azur mit Pool und Meerblick.<\/p>\n<h2>Wir beraten Sie bei der Suche nach einem Ferienhaus an der C\u00f4te d&#8217;Azur mit privatem Pool und Meerblick<\/h2>\n<p>Versteckte Kosten? Nicht bei uns. Wir bieten Ihnen einen schnellen und unvergleichlichen Service. Jedes einzelne Ferienobjekt wird nicht nur h\u00f6chstpers\u00f6nlich von uns gepr\u00fcft, wir stellen Ihnen auch gerne eine Auswahl an entsprechenden Immobilien zusammen. Das Beste: Diese erhalten Sie innerhalb von nur 24 Stunden! Dabei gehen wir ganz individuell auf Ihre W\u00fcnsche und Vorstellungen ein. F\u00fcr Sie nat\u00fcrlich kostenfrei &amp; unverbindlich!<\/p>\n<p>Es wartet bereits auf Sie Ihr ganz privates Ferienhaus an der C\u00f4te d&#8217;Azur mit eigenem Pool und Meerblick \u2013 inmitten des Hinterlandes oder direkt an der K\u00fcste![\/vc_column_text][vc_column_text css=&#8221;.vc_custom_1706017057333{margin-top: 50px !important;margin-bottom: 50px !important;}&#8221;]<\/p>\n<h2>Ihr Urlaub in einem luxuri\u00f6sen Ferienhaus an der C\u00f4te d&#8217;Azur mit Meerblick<\/h2>\n<p>Tr\u00e4umen Sie nicht l\u00e4nger von Ihrem Urlaub in einem exquisiten\u00a0<a title=\"Ferienhaus \u00f4te d'Azur mit Pool\" href=\"https:\/\/villas-cote-d-azur.de\/en\/holiday-houses\/\">Ferienhaus an der C\u00f4te d&#8217;Azur mit privatem Pool<\/a>\u00a0und eindrucksvollem Meerblick. Lassen Sie sich vom s\u00fcdl\u00e4ndischen Flair verzaubern. In S\u00fcdfrankreich warten auf Sie\u2026<\/p>\n<p>\u2026 vielz\u00e4hlige kulturelle und musikalische Events,<\/p>\n<p>\u2026 eine erstklassige mediterrane Gastronomie,<\/p>\n<p>\u2026 exklusive Spots der High Society,<\/p>\n<p>\u2026 eine atemberaubende und kontrastreiche Landschaft: \u00fcber 150 herrliche Str\u00e4nde &amp; private Buchten sowie die nahegelegenen Seealpen im Hinterland der Riviera,<\/p>\n<p>\u2026 sowie vieles mehr!<\/p>\n<p>Wir haben Ihr Interesse wecken k\u00f6nnen? Dann lassen Sie uns noch heute eine E-Mail mit Ihren W\u00fcnschen und Vorstellungen Ihres Traum-Ferienhauses zukommen. Gerne beraten wir Sie zu unseren verschiedenen Angeboten und besonderen Specials. Wir freuen uns auf Ihre Anfrage![\/vc_column_text]<div class=\" bottom-estate_property nobutton \"><div class=\" items_shortcode_wrapper\">\n<div itemscope itemtype=\"http:\/\/schema.org\/Product\" class=\"listing_wrapper col-md-6 shortcode-col property_unit_v3  property_flex propety_unit_3\" data-org=\"4\" data-listid=\"35512\" >\n    \n    <div class=\"property_listing\" >\n        \n\n            <div class=\"listing-unit-img-wrapper\"><a href=\"https:\/\/villas.hosting.omsag.de\/en\/properties\/issambres-st-maxime-villa-al-mare\/\" target=\"_self\" ><img decoding=\"async\" itemprop=\"image\" src=\"https:\/\/villas.hosting.omsag.de\/wp-content\/uploads\/2023\/11\/IMG_0804-400x314.jpeg\"   class=\"b-lazy img-responsive wp-post-image lazy-hidden\" alt=\"ISSAMBRES\/ ST. MAXIME, VILLA \u00abAl-MARE\u00bb\" \/><\/a><div class=\"price_unit_wrapper\"> <\/div><div class=\"price_unit\">Hauptsaison ab  6.290 \u20ac\/Woche<br \/>\r\nNebensaison ab  3.190 \u20ac\/Woche<\/div><\/div>\n            <div class=\"property_unit_action\">\n                <span class=\"icon-fav icon-fav-off\" data-original-title=\"add to favorites\" data-postid=\"35512\"><i class=\"fas fa-heart\"><\/i><\/span>\n            <\/div>\n\n\n\n            <div class=\"property_status_wrapper\"><\/div>\n            <div class=\"title-container\">\n\t\t\t\n\t\t\t<div class=\"symbole\" style=\"margin-top:20px;\"><img decoding=\"async\" class=\"proicon\" src=\"https:\/\/villas-cote-d-azur.de\/wp-content\/uploads\/2015\/05\/i-pool2x.png\" width=\"50\" alt=\"Haustier m\u00f6glich\"><img decoding=\"async\" class=\"proicon\" src=\"https:\/\/villas-cote-d-azur.de\/wp-content\/uploads\/2015\/05\/i-wifi2x.png\" width=\"50\" alt=\"Haustier m\u00f6glich\"><img decoding=\"async\" class=\"proicon\" src=\"https:\/\/villas-cote-d-azur.de\/wp-content\/uploads\/2015\/05\/i-family2x.png\" width=\"50\" alt=\"Haustier m\u00f6glich\"><img decoding=\"async\" class=\"proicon\" src=\"https:\/\/villas-cote-d-azur.de\/wp-content\/uploads\/2015\/05\/i-ac2x.png\" width=\"50\" alt=\"Haustier m\u00f6glich\"><img decoding=\"async\" class=\"proicon\" src=\"https:\/\/villas-cote-d-azur.de\/wp-content\/uploads\/2015\/05\/i-dog2x.png\" width=\"50\" alt=\"Haustier m\u00f6glich\"><img decoding=\"async\" class=\"proicon\" src=\"https:\/\/villas-cote-d-azur.de\/wp-content\/uploads\/2015\/05\/i-parking2x.png\" width=\"50\" alt=\"Haustier m\u00f6glich\"><\/div>\n                <div class=\"property-rating\"><i class=\"fas fa-star\"><\/i><i class=\"fas fa-star\"><\/i><i class=\"fas fa-star\"><\/i><i class=\"fas fa-star\"><\/i><i class=\"fas fa-star\"><\/i><\/div>\n                <div class=\"category_name\">\n                        <a  itemprop=\"url\"  href=\"https:\/\/villas.hosting.omsag.de\/en\/properties\/issambres-st-maxime-villa-al-mare\/\"  class=\"listing_title_unit\" >\n    \n    \n<!--    <span itemprop=\"name\">-->\n    ISSAMBRES\/ ST. MAXIME, VILLA \u00abAl-MARE\u00bb<!--    <\/span>-->\n<\/a>\t\t\t\t\t<span class=\"referenz\">V8\/Issambres\/AlMare<\/span>                    <div class=\"category_tagline actions_icon\">\n                        \t\t\t\t\t\t                    <\/div>\n\n                    <div class=\"category_tagline custom_details\">xxx\n                       <div class=\"custom_listing_data\"><i class=\"fas fa-home\"><\/i>190 m<sup>2<\/sup><\/div><div class=\"custom_listing_data\"><i class=\"fas fa-users\"><\/i>8<\/div><div class=\"custom_listing_data\"><i class=\"fas fa-bed\"><\/i>4<\/div><div class=\"custom_listing_data\"><i class=\"fas fa-map-marker-alt\"><\/i><a href=\"https:\/\/villas.hosting.omsag.de\/en\/city\/st-maxime-en\/\" rel=\"tag\">St. Maxime<\/a><\/div>\t\t\t\t\t\n\t\t\t\t\t<div class=\"haus-besch\">---<p>\t\t\t\t\t<\/div>\n                    <\/div>\n\t\t\t\t\t<div class=\"mehrerfahren\">\n\t\t\t\t\t<a href=\"https:\/\/villas.hosting.omsag.de\/en\/properties\/issambres-st-maxime-villa-al-mare\/\"  class=\"weiterlesen\" >MEHR DETAILS<\/a>\n\t\t\t\t\t<\/div>\n                <\/div>\n\t\t\t\t\n\n            <\/div>\n            <\/div>\n<\/div>\n<\/div><\/div>[\/vc_column][\/vc_row]<\/p>\n<\/section>","protected":false},"excerpt":{"rendered":"<p>[vc_row][vc_column][vc_column_text css=&#8221;.vc_custom_1685112066436{margin-bottom: 50px !important;}&#8221;] Vertrauen auch Sie auf S\u00fcdfrankreich-Spezialisten Ein Luxus-Urlaub, wie man ihn sich ihn nur ertr\u00e4umen kann: Mieten Sie ein Ferienhaus an der sch\u00f6nen C\u00f4te d&#8217;Azur und genie\u00dfen Sie einen sagenhaften Meerblick \u2013 ob zu zweit, mit Ihrer Gro\u00dffamilie oder den besten Freunden! Die perfekte Ferienvilla f\u00fcr einen sorgenfreien Urlaub an der &#8220;azurblauen &#8230;<\/p>\n","protected":false},"author":1,"featured_media":0,"parent":29035,"menu_order":0,"comment_status":"closed","ping_status":"closed","template":"","meta":{"_acf_changed":false,"footnotes":""},"class_list":["post-36996","page","type-page","status-publish","hentry"],"acf":[],"yoast_head":"<!-- This site is optimized with the Yoast SEO plugin v24.1 - https:\/\/yoast.com\/wordpress\/plugins\/seo\/ -->\n<title>Ihr wundervolles Ferienhaus an der C\u00f4te d\u2019Azur mit traumhaftem Meerblick - MaisonAzur<\/title>\n<meta name=\"robots\" content=\"index, follow, max-snippet:-1, max-image-preview:large, max-video-preview:-1\" \/>\n<link rel=\"canonical\" href=\"https:\/\/villas.hosting.omsag.de\/cote-dazur-a-z\/ferienhaus-cote-dazur-meerblick\/\" \/>\n<meta property=\"og:locale\" content=\"en_US\" \/>\n<meta property=\"og:type\" content=\"article\" \/>\n<meta property=\"og:title\" content=\"Ihr wundervolles Ferienhaus an der C\u00f4te d\u2019Azur mit traumhaftem Meerblick - MaisonAzur\" \/>\n<meta property=\"og:description\" content=\"[vc_row][vc_column][vc_column_text css=&#8221;.vc_custom_1685112066436{margin-bottom: 50px !important;}&#8221;] Vertrauen auch Sie auf S\u00fcdfrankreich-Spezialisten Ein Luxus-Urlaub, wie man ihn sich ihn nur ertr\u00e4umen kann: Mieten Sie ein Ferienhaus an der sch\u00f6nen C\u00f4te d&#8217;Azur und genie\u00dfen Sie einen sagenhaften Meerblick \u2013 ob zu zweit, mit Ihrer Gro\u00dffamilie oder den besten Freunden! Die perfekte Ferienvilla f\u00fcr einen sorgenfreien Urlaub an der &#8220;azurblauen ...\" \/>\n<meta property=\"og:url\" content=\"https:\/\/villas.hosting.omsag.de\/cote-dazur-a-z\/ferienhaus-cote-dazur-meerblick\/\" \/>\n<meta property=\"og:site_name\" content=\"MaisonAzur\" \/>\n<meta property=\"article:modified_time\" content=\"2024-07-15T12:15:07+00:00\" \/>\n<meta name=\"twitter:card\" content=\"summary_large_image\" \/>\n<meta name=\"twitter:label1\" content=\"Est. reading time\" \/>\n\t<meta name=\"twitter:data1\" content=\"2 minutes\" \/>\n<script type=\"application\/ld+json\" class=\"yoast-schema-graph\">{\"@context\":\"https:\/\/schema.org\",\"@graph\":[{\"@type\":\"WebPage\",\"@id\":\"https:\/\/villas.hosting.omsag.de\/cote-dazur-a-z\/ferienhaus-cote-dazur-meerblick\/\",\"url\":\"https:\/\/villas.hosting.omsag.de\/cote-dazur-a-z\/ferienhaus-cote-dazur-meerblick\/\",\"name\":\"Ihr wundervolles Ferienhaus an der C\u00f4te d\u2019Azur mit traumhaftem Meerblick - MaisonAzur\",\"isPartOf\":{\"@id\":\"https:\/\/villas.hosting.omsag.de\/#website\"},\"datePublished\":\"2023-05-26T14:41:38+00:00\",\"dateModified\":\"2024-07-15T12:15:07+00:00\",\"breadcrumb\":{\"@id\":\"https:\/\/villas.hosting.omsag.de\/cote-dazur-a-z\/ferienhaus-cote-dazur-meerblick\/#breadcrumb\"},\"inLanguage\":\"en-US\",\"potentialAction\":[{\"@type\":\"ReadAction\",\"target\":[\"https:\/\/villas.hosting.omsag.de\/cote-dazur-a-z\/ferienhaus-cote-dazur-meerblick\/\"]}]},{\"@type\":\"BreadcrumbList\",\"@id\":\"https:\/\/villas.hosting.omsag.de\/cote-dazur-a-z\/ferienhaus-cote-dazur-meerblick\/#breadcrumb\",\"itemListElement\":[{\"@type\":\"ListItem\",\"position\":1,\"name\":\"Startseite\",\"item\":\"https:\/\/villas.hosting.omsag.de\/\"},{\"@type\":\"ListItem\",\"position\":2,\"name\":\"Cote Dazur A-Z\",\"item\":\"https:\/\/villas.hosting.omsag.de\/cote-dazur-a-z\/\"},{\"@type\":\"ListItem\",\"position\":3,\"name\":\"Ihr wundervolles Ferienhaus an der C\u00f4te d\u2019Azur mit traumhaftem Meerblick\"}]},{\"@type\":\"WebSite\",\"@id\":\"https:\/\/villas.hosting.omsag.de\/#website\",\"url\":\"https:\/\/villas.hosting.omsag.de\/\",\"name\":\"MaisonAzur\",\"description\":\"\",\"potentialAction\":[{\"@type\":\"SearchAction\",\"target\":{\"@type\":\"EntryPoint\",\"urlTemplate\":\"https:\/\/villas.hosting.omsag.de\/?s={search_term_string}\"},\"query-input\":{\"@type\":\"PropertyValueSpecification\",\"valueRequired\":true,\"valueName\":\"search_term_string\"}}],\"inLanguage\":\"en-US\"}]}<\/script>\n<!-- \/ Yoast SEO plugin. -->","yoast_head_json":{"title":"Ihr wundervolles Ferienhaus an der C\u00f4te d\u2019Azur mit traumhaftem Meerblick - MaisonAzur","robots":{"index":"index","follow":"follow","max-snippet":"max-snippet:-1","max-image-preview":"max-image-preview:large","max-video-preview":"max-video-preview:-1"},"canonical":"https:\/\/villas.hosting.omsag.de\/cote-dazur-a-z\/ferienhaus-cote-dazur-meerblick\/","og_locale":"en_US","og_type":"article","og_title":"Ihr wundervolles Ferienhaus an der C\u00f4te d\u2019Azur mit traumhaftem Meerblick - MaisonAzur","og_description":"[vc_row][vc_column][vc_column_text css=&#8221;.vc_custom_1685112066436{margin-bottom: 50px !important;}&#8221;] Vertrauen auch Sie auf S\u00fcdfrankreich-Spezialisten Ein Luxus-Urlaub, wie man ihn sich ihn nur ertr\u00e4umen kann: Mieten Sie ein Ferienhaus an der sch\u00f6nen C\u00f4te d&#8217;Azur und genie\u00dfen Sie einen sagenhaften Meerblick \u2013 ob zu zweit, mit Ihrer Gro\u00dffamilie oder den besten Freunden! Die perfekte Ferienvilla f\u00fcr einen sorgenfreien Urlaub an der &#8220;azurblauen ...","og_url":"https:\/\/villas.hosting.omsag.de\/cote-dazur-a-z\/ferienhaus-cote-dazur-meerblick\/","og_site_name":"MaisonAzur","article_modified_time":"2024-07-15T12:15:07+00:00","twitter_card":"summary_large_image","twitter_misc":{"Est. reading time":"2 minutes"},"schema":{"@context":"https:\/\/schema.org","@graph":[{"@type":"WebPage","@id":"https:\/\/villas.hosting.omsag.de\/cote-dazur-a-z\/ferienhaus-cote-dazur-meerblick\/","url":"https:\/\/villas.hosting.omsag.de\/cote-dazur-a-z\/ferienhaus-cote-dazur-meerblick\/","name":"Ihr wundervolles Ferienhaus an der C\u00f4te d\u2019Azur mit traumhaftem Meerblick - MaisonAzur","isPartOf":{"@id":"https:\/\/villas.hosting.omsag.de\/#website"},"datePublished":"2023-05-26T14:41:38+00:00","dateModified":"2024-07-15T12:15:07+00:00","breadcrumb":{"@id":"https:\/\/villas.hosting.omsag.de\/cote-dazur-a-z\/ferienhaus-cote-dazur-meerblick\/#breadcrumb"},"inLanguage":"en-US","potentialAction":[{"@type":"ReadAction","target":["https:\/\/villas.hosting.omsag.de\/cote-dazur-a-z\/ferienhaus-cote-dazur-meerblick\/"]}]},{"@type":"BreadcrumbList","@id":"https:\/\/villas.hosting.omsag.de\/cote-dazur-a-z\/ferienhaus-cote-dazur-meerblick\/#breadcrumb","itemListElement":[{"@type":"ListItem","position":1,"name":"Startseite","item":"https:\/\/villas.hosting.omsag.de\/"},{"@type":"ListItem","position":2,"name":"Cote Dazur A-Z","item":"https:\/\/villas.hosting.omsag.de\/cote-dazur-a-z\/"},{"@type":"ListItem","position":3,"name":"Ihr wundervolles Ferienhaus an der C\u00f4te d\u2019Azur mit traumhaftem Meerblick"}]},{"@type":"WebSite","@id":"https:\/\/villas.hosting.omsag.de\/#website","url":"https:\/\/villas.hosting.omsag.de\/","name":"MaisonAzur","description":"","potentialAction":[{"@type":"SearchAction","target":{"@type":"EntryPoint","urlTemplate":"https:\/\/villas.hosting.omsag.de\/?s={search_term_string}"},"query-input":{"@type":"PropertyValueSpecification","valueRequired":true,"valueName":"search_term_string"}}],"inLanguage":"en-US"}]}},"_links":{"self":[{"href":"https:\/\/villas.hosting.omsag.de\/en\/wp-json\/wp\/v2\/pages\/36996","targetHints":{"allow":["GET"]}}],"collection":[{"href":"https:\/\/villas.hosting.omsag.de\/en\/wp-json\/wp\/v2\/pages"}],"about":[{"href":"https:\/\/villas.hosting.omsag.de\/en\/wp-json\/wp\/v2\/types\/page"}],"author":[{"embeddable":true,"href":"https:\/\/villas.hosting.omsag.de\/en\/wp-json\/wp\/v2\/users\/1"}],"replies":[{"embeddable":true,"href":"https:\/\/villas.hosting.omsag.de\/en\/wp-json\/wp\/v2\/comments?post=36996"}],"version-history":[{"count":1,"href":"https:\/\/villas.hosting.omsag.de\/en\/wp-json\/wp\/v2\/pages\/36996\/revisions"}],"predecessor-version":[{"id":38743,"href":"https:\/\/villas.hosting.omsag.de\/en\/wp-json\/wp\/v2\/pages\/36996\/revisions\/38743"}],"up":[{"embeddable":true,"href":"https:\/\/villas.hosting.omsag.de\/en\/wp-json\/wp\/v2\/pages\/29035"}],"wp:attachment":[{"href":"https:\/\/villas.hosting.omsag.de\/en\/wp-json\/wp\/v2\/media?parent=36996"}],"curies":[{"name":"wp","href":"https:\/\/api.w.org\/{rel}","templated":true}]}}