{"id":37001,"date":"2023-05-26T16:56:29","date_gmt":"2023-05-26T14:56:29","guid":{"rendered":"https:\/\/vcd.oms-smart.de\/cote-dazur-a-z\/ferienhaus-hinterland-cote-dazur\/"},"modified":"2024-07-15T14:24:41","modified_gmt":"2024-07-15T12:24:41","slug":"ferienhaus-hinterland-cote-dazur","status":"publish","type":"page","link":"https:\/\/villas.hosting.omsag.de\/en\/cote-dazur-a-z\/ferienhaus-hinterland-cote-dazur\/","title":{"rendered":"Luxuri\u00f6ses Ferienhaus im Hinterland der Cote d&#8217;Azur: der perfekte Ort f\u00fcr Ihren Traumurlaub"},"content":{"rendered":"<section class=\"wpb-content-wrapper\"><p>[vc_row][vc_column][vc_column_text css=&#8221;.vc_custom_1685441860415{margin-bottom: 20px !important;}&#8221;]Die C\u00f4te d&#8217;Azur ist ein traumhaftes Urlaubsparadies, das unz\u00e4hlige Sehensw\u00fcrdigkeiten bietet. Wenn Sie diese erleben, allerdings nicht im unmittelbaren Trubel der St\u00e4dte wohnen wollen, sind Sie bei uns genau richtig. Denn hier k\u00f6nnen Sie nicht nur wundervolle Villen in Hafenn\u00e4he der St\u00e4dte Cannes, Antibes, Nizza und Co. mieten, sondern auch das f\u00fcr Ihren Bedarf perfekte\u00a0<strong>Ferienhaus im Hinterland der C\u00f4te d&#8217;Azur<\/strong>. Genie\u00dfen Sie etwa den eindrucksvollen Ausblick auf das Meer, einen eigenen Pool im Garten, tolle Wanderwege und absolute Privatsph\u00e4re \u2013 ohne dabei jedoch zu weit abgeschieden zu sein.[\/vc_column_text][vc_btn title=&#8221;zu unseren Ferienh\u00e4usern&#8221; color=&#8221;sky&#8221; align=&#8221;center&#8221; link=&#8221;url:%2Fferienhaeuser%2F|title:Kontakt&#8221;][vc_column_text css=&#8221;.vc_custom_1685441869693{margin-top: 20px !important;margin-bottom: 50px !important;}&#8221;]<\/p>\n<div>\n<p>Atemberaubende Str\u00e4nde, malerische D\u00f6rfer und kulinarische K\u00f6stlichkeiten machen die Region zu einem Traumziel f\u00fcr Urlauber aus aller Welt. Wenn Sie dabei aber auch gro\u00dfen Wert auf privaten Komfort und die M\u00f6glichkeit f\u00fcr pure Entspannung legen, empfehlen wir Ihnen ein ger\u00e4umiges Ferienhaus aus dem gehobenen Segment im Hinterland der Cote d&#8217;Azur. Bei unseren Angeboten handelt es sich um eindrucksvolle Villen, die keine W\u00fcnsche offenlassen. Von Monaco \u00fcber Cannes bis Saint-Tropez verf\u00fcgen wir entlang der ganzen K\u00fcste \u00fcber extravagante H\u00e4user. Schauen Sie sich in unserem Angebot um und \u00fcberzeugen Sie sich selbst von der exquisiten Auswahl, die wir sorgf\u00e4ltig pers\u00f6nlich besichtigt und auf zahlreiche Annehmlichkeiten hin \u00fcberpr\u00fcft haben!<\/p>\n<\/div>\n<p>[\/vc_column_text][vc_column_text css=&#8221;.vc_custom_1706017181946{margin-top: 50px !important;margin-bottom: 50px !important;}&#8221;]<\/p>\n<h2>Ferienhaus im Hinterland der Cote d&#8217;Azur bietet erstklassige Ausstattung und Lage<\/h2>\n<p>Entscheiden Sie sich f\u00fcr ein luxuri\u00f6ses\u00a0<a title=\"Ferienhaus Grasse\" href=\"https:\/\/villas-cote-d-azur.de\/en\/cote-dazur-a-z\/mougins-valbonne-grasse\/\">Ferienhaus zum Beispiel in Grasse<\/a>\u00a0im Hinterland der Cote d&#8217;Azur, k\u00f6nnen Sie sich auf eine atemberaubende Aussicht auf die umliegenden H\u00fcgel und T\u00e4ler sowie in den meisten F\u00e4llen einen herrlichen Rundumblick bis aufs Meer freuen. Jede unserer Villen l\u00e4dt im hauseigenen Garten zum Verweilen, Grillen und Erholen ein. Dabei haben Sie gen\u00fcgend Platz f\u00fcr den Urlaub mit der ganzen Familie oder ein paar Freunden. So k\u00f6nnen Sie Ihren Aufenthalt zwischen gemeinsamen Erlebnissen und Zeit f\u00fcr sich selbst flexibel abwechslungsreich gestalten. Ger\u00e4umige Schlafzimmer, gem\u00fctliche Gemeinschafts- und Wohnzimmer, moderne Badezimmer und voll ausgestattete K\u00fcchen erwarten Sie in unseren idyllischen Objekten.<\/p>\n<p>Dazu ist die Lage Ihres Ferienhauses im proven\u00e7alischen Hinterland der Cote d&#8217;Azur ideal, um die Region und einige malerische G\u00e4sschen samt ihrer Kunst, Architektur und Geschichte zu erkunden. Dar\u00fcber hinaus laden die Berge zu unterschiedlichen sportlichen Aktivit\u00e4ten oder Wandertouren umgeben von wundersch\u00f6ner Natur ein. Und sollten Sie zus\u00e4tzlich Interesse am ber\u00fchmt-ber\u00fcchtigten Nachtleben der Region haben, erreichen Sie die bekannten St\u00e4dte in ein paar Minuten mit dem Auto oder Taxi.[\/vc_column_text]<div class=\" bottom-estate_property nobutton \"><div class=\" items_shortcode_wrapper\"><\/div><\/div>[\/vc_column][\/vc_row]<\/p>\n<\/section>","protected":false},"excerpt":{"rendered":"<p>[vc_row][vc_column][vc_column_text css=&#8221;.vc_custom_1685441860415{margin-bottom: 20px !important;}&#8221;]Die C\u00f4te d&#8217;Azur ist ein traumhaftes Urlaubsparadies, das unz\u00e4hlige Sehensw\u00fcrdigkeiten bietet. Wenn Sie diese erleben, allerdings nicht im unmittelbaren Trubel der St\u00e4dte wohnen wollen, sind Sie bei uns genau richtig. Denn hier k\u00f6nnen Sie nicht nur wundervolle Villen in Hafenn\u00e4he der St\u00e4dte Cannes, Antibes, Nizza und Co. mieten, sondern auch das f\u00fcr &#8230;<\/p>\n","protected":false},"author":1,"featured_media":0,"parent":29035,"menu_order":0,"comment_status":"closed","ping_status":"closed","template":"","meta":{"_acf_changed":false,"footnotes":""},"class_list":["post-37001","page","type-page","status-publish","hentry"],"acf":[],"yoast_head":"<!-- This site is optimized with the Yoast SEO plugin v24.1 - https:\/\/yoast.com\/wordpress\/plugins\/seo\/ -->\n<title>Luxuri\u00f6ses Ferienhaus im Hinterland der Cote d&#039;Azur: der perfekte Ort f\u00fcr Ihren Traumurlaub - MaisonAzur<\/title>\n<meta name=\"robots\" content=\"index, follow, max-snippet:-1, max-image-preview:large, max-video-preview:-1\" \/>\n<link rel=\"canonical\" href=\"https:\/\/villas.hosting.omsag.de\/cote-dazur-a-z\/ferienhaus-hinterland-cote-dazur\/\" \/>\n<meta property=\"og:locale\" content=\"en_US\" \/>\n<meta property=\"og:type\" content=\"article\" \/>\n<meta property=\"og:title\" content=\"Luxuri\u00f6ses Ferienhaus im Hinterland der Cote d&#039;Azur: der perfekte Ort f\u00fcr Ihren Traumurlaub - MaisonAzur\" \/>\n<meta property=\"og:description\" content=\"[vc_row][vc_column][vc_column_text css=&#8221;.vc_custom_1685441860415{margin-bottom: 20px !important;}&#8221;]Die C\u00f4te d&#8217;Azur ist ein traumhaftes Urlaubsparadies, das unz\u00e4hlige Sehensw\u00fcrdigkeiten bietet. Wenn Sie diese erleben, allerdings nicht im unmittelbaren Trubel der St\u00e4dte wohnen wollen, sind Sie bei uns genau richtig. Denn hier k\u00f6nnen Sie nicht nur wundervolle Villen in Hafenn\u00e4he der St\u00e4dte Cannes, Antibes, Nizza und Co. mieten, sondern auch das f\u00fcr ...\" \/>\n<meta property=\"og:url\" content=\"https:\/\/villas.hosting.omsag.de\/cote-dazur-a-z\/ferienhaus-hinterland-cote-dazur\/\" \/>\n<meta property=\"og:site_name\" content=\"MaisonAzur\" \/>\n<meta property=\"article:modified_time\" content=\"2024-07-15T12:24:41+00:00\" \/>\n<meta name=\"twitter:card\" content=\"summary_large_image\" \/>\n<meta name=\"twitter:label1\" content=\"Est. reading time\" \/>\n\t<meta name=\"twitter:data1\" content=\"3 minutes\" \/>\n<script type=\"application\/ld+json\" class=\"yoast-schema-graph\">{\"@context\":\"https:\/\/schema.org\",\"@graph\":[{\"@type\":\"WebPage\",\"@id\":\"https:\/\/villas.hosting.omsag.de\/cote-dazur-a-z\/ferienhaus-hinterland-cote-dazur\/\",\"url\":\"https:\/\/villas.hosting.omsag.de\/cote-dazur-a-z\/ferienhaus-hinterland-cote-dazur\/\",\"name\":\"Luxuri\u00f6ses Ferienhaus im Hinterland der Cote d'Azur: der perfekte Ort f\u00fcr Ihren Traumurlaub - MaisonAzur\",\"isPartOf\":{\"@id\":\"https:\/\/villas.hosting.omsag.de\/#website\"},\"datePublished\":\"2023-05-26T14:56:29+00:00\",\"dateModified\":\"2024-07-15T12:24:41+00:00\",\"breadcrumb\":{\"@id\":\"https:\/\/villas.hosting.omsag.de\/cote-dazur-a-z\/ferienhaus-hinterland-cote-dazur\/#breadcrumb\"},\"inLanguage\":\"en-US\",\"potentialAction\":[{\"@type\":\"ReadAction\",\"target\":[\"https:\/\/villas.hosting.omsag.de\/cote-dazur-a-z\/ferienhaus-hinterland-cote-dazur\/\"]}]},{\"@type\":\"BreadcrumbList\",\"@id\":\"https:\/\/villas.hosting.omsag.de\/cote-dazur-a-z\/ferienhaus-hinterland-cote-dazur\/#breadcrumb\",\"itemListElement\":[{\"@type\":\"ListItem\",\"position\":1,\"name\":\"Startseite\",\"item\":\"https:\/\/villas.hosting.omsag.de\/\"},{\"@type\":\"ListItem\",\"position\":2,\"name\":\"Cote Dazur A-Z\",\"item\":\"https:\/\/villas.hosting.omsag.de\/cote-dazur-a-z\/\"},{\"@type\":\"ListItem\",\"position\":3,\"name\":\"Luxuri\u00f6ses Ferienhaus im Hinterland der Cote d&#8217;Azur: der perfekte Ort f\u00fcr Ihren Traumurlaub\"}]},{\"@type\":\"WebSite\",\"@id\":\"https:\/\/villas.hosting.omsag.de\/#website\",\"url\":\"https:\/\/villas.hosting.omsag.de\/\",\"name\":\"MaisonAzur\",\"description\":\"\",\"potentialAction\":[{\"@type\":\"SearchAction\",\"target\":{\"@type\":\"EntryPoint\",\"urlTemplate\":\"https:\/\/villas.hosting.omsag.de\/?s={search_term_string}\"},\"query-input\":{\"@type\":\"PropertyValueSpecification\",\"valueRequired\":true,\"valueName\":\"search_term_string\"}}],\"inLanguage\":\"en-US\"}]}<\/script>\n<!-- \/ Yoast SEO plugin. -->","yoast_head_json":{"title":"Luxuri\u00f6ses Ferienhaus im Hinterland der Cote d'Azur: der perfekte Ort f\u00fcr Ihren Traumurlaub - MaisonAzur","robots":{"index":"index","follow":"follow","max-snippet":"max-snippet:-1","max-image-preview":"max-image-preview:large","max-video-preview":"max-video-preview:-1"},"canonical":"https:\/\/villas.hosting.omsag.de\/cote-dazur-a-z\/ferienhaus-hinterland-cote-dazur\/","og_locale":"en_US","og_type":"article","og_title":"Luxuri\u00f6ses Ferienhaus im Hinterland der Cote d'Azur: der perfekte Ort f\u00fcr Ihren Traumurlaub - MaisonAzur","og_description":"[vc_row][vc_column][vc_column_text css=&#8221;.vc_custom_1685441860415{margin-bottom: 20px !important;}&#8221;]Die C\u00f4te d&#8217;Azur ist ein traumhaftes Urlaubsparadies, das unz\u00e4hlige Sehensw\u00fcrdigkeiten bietet. Wenn Sie diese erleben, allerdings nicht im unmittelbaren Trubel der St\u00e4dte wohnen wollen, sind Sie bei uns genau richtig. Denn hier k\u00f6nnen Sie nicht nur wundervolle Villen in Hafenn\u00e4he der St\u00e4dte Cannes, Antibes, Nizza und Co. mieten, sondern auch das f\u00fcr ...","og_url":"https:\/\/villas.hosting.omsag.de\/cote-dazur-a-z\/ferienhaus-hinterland-cote-dazur\/","og_site_name":"MaisonAzur","article_modified_time":"2024-07-15T12:24:41+00:00","twitter_card":"summary_large_image","twitter_misc":{"Est. reading time":"3 minutes"},"schema":{"@context":"https:\/\/schema.org","@graph":[{"@type":"WebPage","@id":"https:\/\/villas.hosting.omsag.de\/cote-dazur-a-z\/ferienhaus-hinterland-cote-dazur\/","url":"https:\/\/villas.hosting.omsag.de\/cote-dazur-a-z\/ferienhaus-hinterland-cote-dazur\/","name":"Luxuri\u00f6ses Ferienhaus im Hinterland der Cote d'Azur: der perfekte Ort f\u00fcr Ihren Traumurlaub - MaisonAzur","isPartOf":{"@id":"https:\/\/villas.hosting.omsag.de\/#website"},"datePublished":"2023-05-26T14:56:29+00:00","dateModified":"2024-07-15T12:24:41+00:00","breadcrumb":{"@id":"https:\/\/villas.hosting.omsag.de\/cote-dazur-a-z\/ferienhaus-hinterland-cote-dazur\/#breadcrumb"},"inLanguage":"en-US","potentialAction":[{"@type":"ReadAction","target":["https:\/\/villas.hosting.omsag.de\/cote-dazur-a-z\/ferienhaus-hinterland-cote-dazur\/"]}]},{"@type":"BreadcrumbList","@id":"https:\/\/villas.hosting.omsag.de\/cote-dazur-a-z\/ferienhaus-hinterland-cote-dazur\/#breadcrumb","itemListElement":[{"@type":"ListItem","position":1,"name":"Startseite","item":"https:\/\/villas.hosting.omsag.de\/"},{"@type":"ListItem","position":2,"name":"Cote Dazur A-Z","item":"https:\/\/villas.hosting.omsag.de\/cote-dazur-a-z\/"},{"@type":"ListItem","position":3,"name":"Luxuri\u00f6ses Ferienhaus im Hinterland der Cote d&#8217;Azur: der perfekte Ort f\u00fcr Ihren Traumurlaub"}]},{"@type":"WebSite","@id":"https:\/\/villas.hosting.omsag.de\/#website","url":"https:\/\/villas.hosting.omsag.de\/","name":"MaisonAzur","description":"","potentialAction":[{"@type":"SearchAction","target":{"@type":"EntryPoint","urlTemplate":"https:\/\/villas.hosting.omsag.de\/?s={search_term_string}"},"query-input":{"@type":"PropertyValueSpecification","valueRequired":true,"valueName":"search_term_string"}}],"inLanguage":"en-US"}]}},"_links":{"self":[{"href":"https:\/\/villas.hosting.omsag.de\/en\/wp-json\/wp\/v2\/pages\/37001","targetHints":{"allow":["GET"]}}],"collection":[{"href":"https:\/\/villas.hosting.omsag.de\/en\/wp-json\/wp\/v2\/pages"}],"about":[{"href":"https:\/\/villas.hosting.omsag.de\/en\/wp-json\/wp\/v2\/types\/page"}],"author":[{"embeddable":true,"href":"https:\/\/villas.hosting.omsag.de\/en\/wp-json\/wp\/v2\/users\/1"}],"replies":[{"embeddable":true,"href":"https:\/\/villas.hosting.omsag.de\/en\/wp-json\/wp\/v2\/comments?post=37001"}],"version-history":[{"count":1,"href":"https:\/\/villas.hosting.omsag.de\/en\/wp-json\/wp\/v2\/pages\/37001\/revisions"}],"predecessor-version":[{"id":37003,"href":"https:\/\/villas.hosting.omsag.de\/en\/wp-json\/wp\/v2\/pages\/37001\/revisions\/37003"}],"up":[{"embeddable":true,"href":"https:\/\/villas.hosting.omsag.de\/en\/wp-json\/wp\/v2\/pages\/29035"}],"wp:attachment":[{"href":"https:\/\/villas.hosting.omsag.de\/en\/wp-json\/wp\/v2\/media?parent=37001"}],"curies":[{"name":"wp","href":"https:\/\/api.w.org\/{rel}","templated":true}]}}