{"id":37006,"date":"2023-05-30T12:14:51","date_gmt":"2023-05-30T10:14:51","guid":{"rendered":"https:\/\/vcd.oms-smart.de\/cote-dazur-a-z\/ferienhaus-cannes\/"},"modified":"2024-07-15T14:23:55","modified_gmt":"2024-07-15T12:23:55","slug":"ferienhaus-cannes","status":"publish","type":"page","link":"https:\/\/villas.hosting.omsag.de\/en\/cote-dazur-a-z\/ferienhaus-cannes\/","title":{"rendered":"Luxuri\u00f6se Villa mit Pool, komfortables Ferienhaus mit Meerblick oder Ferien\u00adwohnung\/Apparte\u00adment im Zentrum \u2013 Traumurlaub in Cannes"},"content":{"rendered":"<section class=\"wpb-content-wrapper\"><p>[vc_row][vc_column][vc_column_text css=&#8221;.vc_custom_1685441770043{margin-bottom: 20px !important;}&#8221;]Sie sind auf der Suche nach einer privaten\u00a0<strong>Villa<\/strong>, einem gro\u00dfz\u00fcgigen\u00a0<strong>Ferienhaus<\/strong>\u00a0f\u00fcr die gesamte Familie oder einer zentrumsnahen\u00a0<strong>Ferienwohnung<\/strong>\u00a0bzw. einem modernen Appartement in\u00a0<strong>Cannes<\/strong>? Dann sind Sie hier genau richtig! Wir haben f\u00fcr jeden Bedarf das passende Objekt im Angebot, wobei sich eines \u00fcberall gleicht: Die Villen und Co. stammen alle aus dem gehobenen Segment, da wir Ihnen ausschlie\u00dflich traumhafte Urlaube bescheren m\u00f6chten \u2013 egal ob Sie mit Freunden, der Familie oder als Paar verreisen m\u00f6chten. Schauen Sie sich in Ruhe um und entdecken Sie Ihre bevorzugte Wohlf\u00fchloase![\/vc_column_text][vc_btn title=&#8221;Anfrage&#8221; color=&#8221;sky&#8221; align=&#8221;center&#8221; link=&#8221;url:%2Fkontakt%2F|title:Kontakt&#8221;][vc_column_text css=&#8221;.vc_custom_1685441762499{margin-top: 20px !important;margin-bottom: 50px !important;}&#8221;]Cannes ist ber\u00fchmt f\u00fcr seine exklusiven Str\u00e4nde, erstklassigen Restaurants, luxuri\u00f6sen Boutiquen und kulturellen Veranstaltungen wie dem ber\u00fchmten Filmfestival. Die Stadt ist auch ein gro\u00dfartiger Ausgangspunkt, um die benachbarten K\u00fcstenorte wie Nizza, Antibes und Saint-Tropez zu erkunden. Ob Sie eine Villa oder ein Ferienhaus in Cannes bei uns buchen: Von \u00fcberall aus haben Sie die M\u00f6glichkeit, die Stadt mit all ihren Vorz\u00fcgen kennenzulernen. Entscheiden Sie sich f\u00fcr eine Wohnung im Zentrum, erreichen Sie die meisten Sehensw\u00fcrdigkeiten zu Fu\u00df. Die Villen in der Region \u00fcberzeugen in der Regel unter anderem mit einem eigenen Pool.[\/vc_column_text][vc_column_text css=&#8221;.vc_custom_1706017328041{margin-top: 50px !important;margin-bottom: 50px !important;}&#8221;]<\/p>\n<h2>Ferienhaus\/Villa in Cannes bietet viel Privatsph\u00e4re und Luxus<\/h2>\n<p>Ein Urlaub in Cannes ist aufgrund seiner einzigartigen Kombination aus wundersch\u00f6nen Str\u00e4nden, luxuri\u00f6sen Gesch\u00e4ften, eleganten Restaurants und einem pulsierenden Nachtleben sehr empfehlenswert. Die Stadt ist weltweit bekannt f\u00fcr ihr Filmfestival und ist ein wichtiger Veranstaltungsort f\u00fcr die Filmindustrie. Der ber\u00fchmte Hafen ist ein beliebtes Reiseziel f\u00fcr Segler und Yachtbesitzer.<\/p>\n<p>Die Stadt hat auch eine lange Geschichte und eine reiche Kultur, die sich in ihrer Architektur widerspiegelt. Das alte Stadtzentrum von Cannes ist voller charmanter Stra\u00dfen, die mit Caf\u00e9s und Boutiquen ges\u00e4umt sind. Doch auch wenn Sie sich von all dem zur\u00fcckziehen m\u00f6chten, sind Sie bei uns richtig. Denn in einem Ferienhaus bzw. einer Villa aus unserem Angebot genie\u00dfen Sie bei Bedarf auch absolute Ruhe und Privatsph\u00e4re auf ger\u00e4umigen Terrassen samt eigenem Pool und Garten \u2013 oftmals mit Meerblick und einer atemberaubenden Sicht auf Cannes.<\/p>\n<p>Stellen Sie uns gleich Ihre Urlaubsanfrage oder kontaktieren Sie uns, wenn Sie noch Fragen haben. Oder entdecken Sie auch unsere alternativen Angebote an der C\u00f4te d&#8217;Azur, etwa unsere Villa &#8220;Bouscarle&#8221;, ein luxuri\u00f6ses\u00a0<a title=\"Ferienhaus Mougins\" href=\"https:\/\/villas-cote-d-azur.de\/en\/properties\/mougins-cannes-villa-bouscarle\/\">Ferienhaus in Mougins<\/a>![\/vc_column_text]<div class=\" bottom-estate_property nobutton \"><div class=\" items_shortcode_wrapper\">\n<div itemscope itemtype=\"http:\/\/schema.org\/Product\" class=\"listing_wrapper col-md-6 shortcode-col property_unit_v3  property_flex propety_unit_3\" data-org=\"4\" data-listid=\"35537\" >\n    \n    <div class=\"property_listing\" >\n        \n\n            <div class=\"listing-unit-img-wrapper\"><a href=\"https:\/\/villas.hosting.omsag.de\/en\/properties\/cannes-villa-prado\/\" target=\"_self\" ><img decoding=\"async\" itemprop=\"image\" src=\"https:\/\/villas.hosting.omsag.de\/wp-content\/uploads\/2023\/11\/IMG_8787-1-400x314.jpg\"   class=\"b-lazy img-responsive wp-post-image lazy-hidden\" alt=\"CANNES, VILLA \u00abPRADO\u00bb\" \/><\/a><div class=\"price_unit_wrapper\"> <\/div><div class=\"price_unit\">Hauptsaison ab 4.290 \u20ac\/Woche<br \/>\r\nNebensaison ab 390 \u20ac\/Tag, mind. 3 N\u00e4chte<\/div><\/div>\n            <div class=\"property_unit_action\">\n                <span class=\"icon-fav icon-fav-off\" data-original-title=\"add to favorites\" data-postid=\"35537\"><i class=\"fas fa-heart\"><\/i><\/span>\n            <\/div>\n\n\n\n            <div class=\"property_status_wrapper\"><\/div>\n            <div class=\"title-container\">\n\t\t\t\n\t\t\t<div class=\"symbole\" style=\"margin-top:20px;\"><img decoding=\"async\" class=\"proicon\" src=\"https:\/\/villas-cote-d-azur.de\/wp-content\/uploads\/2015\/05\/i-wifi2x.png\" width=\"50\" alt=\"Haustier m\u00f6glich\"><img decoding=\"async\" class=\"proicon\" src=\"https:\/\/villas-cote-d-azur.de\/wp-content\/uploads\/2015\/05\/i-family2x.png\" width=\"50\" alt=\"Haustier m\u00f6glich\"><img decoding=\"async\" class=\"proicon\" src=\"https:\/\/villas-cote-d-azur.de\/wp-content\/uploads\/2015\/05\/i-ac2x.png\" width=\"50\" alt=\"Haustier m\u00f6glich\"><img decoding=\"async\" class=\"proicon\" src=\"https:\/\/villas-cote-d-azur.de\/wp-content\/uploads\/2015\/05\/i-dog2x.png\" width=\"50\" alt=\"Haustier m\u00f6glich\"><img decoding=\"async\" class=\"proicon\" src=\"https:\/\/villas-cote-d-azur.de\/wp-content\/uploads\/2015\/05\/i-parking2x.png\" width=\"50\" alt=\"Haustier m\u00f6glich\"><\/div>\n                <div class=\"property-rating\"><i class=\"fas fa-star\"><\/i><i class=\"fas fa-star\"><\/i><i class=\"fas fa-star\"><\/i><i class=\"fas fa-star\"><\/i><i class=\"fas fa-star\"><\/i><\/div>\n                <div class=\"category_name\">\n                        <a  itemprop=\"url\"  href=\"https:\/\/villas.hosting.omsag.de\/en\/properties\/cannes-villa-prado\/\"  class=\"listing_title_unit\" >\n    \n    \n<!--    <span itemprop=\"name\">-->\n    CANNES, VILLA \u00abPRADO\u00bb<!--    <\/span>-->\n<\/a>\t\t\t\t\t<span class=\"referenz\">V8\/Can\/Prado<\/span>                    <div class=\"category_tagline actions_icon\">\n                        \t\t\t\t\t\t                    <\/div>\n\n                    <div class=\"category_tagline custom_details\">xxx\n                       <div class=\"custom_listing_data\"><i class=\"fas fa-home\"><\/i>120 m<sup>2<\/sup><\/div><div class=\"custom_listing_data\"><i class=\"fas fa-users\"><\/i>7-9<\/div><div class=\"custom_listing_data\"><i class=\"fas fa-bed\"><\/i>3<\/div><div class=\"custom_listing_data\"><i class=\"fas fa-map-marker-alt\"><\/i><a href=\"https:\/\/villas.hosting.omsag.de\/en\/city\/cannes-en\/\" rel=\"tag\">Cannes<\/a><\/div>\t\t\t\t\t\n\t\t\t\t\t<div class=\"haus-besch\">---<p>\t\t\t\t\t<\/div>\n                    <\/div>\n\t\t\t\t\t<div class=\"mehrerfahren\">\n\t\t\t\t\t<a href=\"https:\/\/villas.hosting.omsag.de\/en\/properties\/cannes-villa-prado\/\"  class=\"weiterlesen\" >MEHR DETAILS<\/a>\n\t\t\t\t\t<\/div>\n                <\/div>\n\t\t\t\t\n\n            <\/div>\n            <\/div>\n<\/div>\n<\/div><\/div>[\/vc_column][\/vc_row]<\/p>\n<\/section>","protected":false},"excerpt":{"rendered":"<p>[vc_row][vc_column][vc_column_text css=&#8221;.vc_custom_1685441770043{margin-bottom: 20px !important;}&#8221;]Sie sind auf der Suche nach einer privaten\u00a0Villa, einem gro\u00dfz\u00fcgigen\u00a0Ferienhaus\u00a0f\u00fcr die gesamte Familie oder einer zentrumsnahen\u00a0Ferienwohnung\u00a0bzw. einem modernen Appartement in\u00a0Cannes? Dann sind Sie hier genau richtig! Wir haben f\u00fcr jeden Bedarf das passende Objekt im Angebot, wobei sich eines \u00fcberall gleicht: Die Villen und Co. stammen alle aus dem gehobenen Segment, da &#8230;<\/p>\n","protected":false},"author":1,"featured_media":0,"parent":29035,"menu_order":0,"comment_status":"closed","ping_status":"closed","template":"","meta":{"_acf_changed":false,"footnotes":""},"class_list":["post-37006","page","type-page","status-publish","hentry"],"acf":[],"yoast_head":"<!-- This site is optimized with the Yoast SEO plugin v24.1 - https:\/\/yoast.com\/wordpress\/plugins\/seo\/ -->\n<title>Luxuri\u00f6se Villa mit Pool, komfortables Ferienhaus mit Meerblick oder Ferien\u00adwohnung\/Apparte\u00adment im Zentrum \u2013 Traumurlaub in Cannes - MaisonAzur<\/title>\n<meta name=\"robots\" content=\"index, follow, max-snippet:-1, max-image-preview:large, max-video-preview:-1\" \/>\n<link rel=\"canonical\" href=\"https:\/\/villas.hosting.omsag.de\/cote-dazur-a-z\/ferienhaus-cannes\/\" \/>\n<meta property=\"og:locale\" content=\"en_US\" \/>\n<meta property=\"og:type\" content=\"article\" \/>\n<meta property=\"og:title\" content=\"Luxuri\u00f6se Villa mit Pool, komfortables Ferienhaus mit Meerblick oder Ferien\u00adwohnung\/Apparte\u00adment im Zentrum \u2013 Traumurlaub in Cannes - MaisonAzur\" \/>\n<meta property=\"og:description\" content=\"[vc_row][vc_column][vc_column_text css=&#8221;.vc_custom_1685441770043{margin-bottom: 20px !important;}&#8221;]Sie sind auf der Suche nach einer privaten\u00a0Villa, einem gro\u00dfz\u00fcgigen\u00a0Ferienhaus\u00a0f\u00fcr die gesamte Familie oder einer zentrumsnahen\u00a0Ferienwohnung\u00a0bzw. einem modernen Appartement in\u00a0Cannes? Dann sind Sie hier genau richtig! Wir haben f\u00fcr jeden Bedarf das passende Objekt im Angebot, wobei sich eines \u00fcberall gleicht: Die Villen und Co. stammen alle aus dem gehobenen Segment, da ...\" \/>\n<meta property=\"og:url\" content=\"https:\/\/villas.hosting.omsag.de\/cote-dazur-a-z\/ferienhaus-cannes\/\" \/>\n<meta property=\"og:site_name\" content=\"MaisonAzur\" \/>\n<meta property=\"article:modified_time\" content=\"2024-07-15T12:23:55+00:00\" \/>\n<meta name=\"twitter:card\" content=\"summary_large_image\" \/>\n<meta name=\"twitter:label1\" content=\"Est. reading time\" \/>\n\t<meta name=\"twitter:data1\" content=\"2 minutes\" \/>\n<script type=\"application\/ld+json\" class=\"yoast-schema-graph\">{\"@context\":\"https:\/\/schema.org\",\"@graph\":[{\"@type\":\"WebPage\",\"@id\":\"https:\/\/villas.hosting.omsag.de\/cote-dazur-a-z\/ferienhaus-cannes\/\",\"url\":\"https:\/\/villas.hosting.omsag.de\/cote-dazur-a-z\/ferienhaus-cannes\/\",\"name\":\"Luxuri\u00f6se Villa mit Pool, komfortables Ferienhaus mit Meerblick oder Ferien\u00adwohnung\/Apparte\u00adment im Zentrum \u2013 Traumurlaub in Cannes - MaisonAzur\",\"isPartOf\":{\"@id\":\"https:\/\/villas.hosting.omsag.de\/#website\"},\"datePublished\":\"2023-05-30T10:14:51+00:00\",\"dateModified\":\"2024-07-15T12:23:55+00:00\",\"breadcrumb\":{\"@id\":\"https:\/\/villas.hosting.omsag.de\/cote-dazur-a-z\/ferienhaus-cannes\/#breadcrumb\"},\"inLanguage\":\"en-US\",\"potentialAction\":[{\"@type\":\"ReadAction\",\"target\":[\"https:\/\/villas.hosting.omsag.de\/cote-dazur-a-z\/ferienhaus-cannes\/\"]}]},{\"@type\":\"BreadcrumbList\",\"@id\":\"https:\/\/villas.hosting.omsag.de\/cote-dazur-a-z\/ferienhaus-cannes\/#breadcrumb\",\"itemListElement\":[{\"@type\":\"ListItem\",\"position\":1,\"name\":\"Startseite\",\"item\":\"https:\/\/villas.hosting.omsag.de\/\"},{\"@type\":\"ListItem\",\"position\":2,\"name\":\"Cote Dazur A-Z\",\"item\":\"https:\/\/villas.hosting.omsag.de\/cote-dazur-a-z\/\"},{\"@type\":\"ListItem\",\"position\":3,\"name\":\"Luxuri\u00f6se Villa mit Pool, komfortables Ferienhaus mit Meerblick oder Ferien\u00adwohnung\/Apparte\u00adment im Zentrum \u2013 Traumurlaub in Cannes\"}]},{\"@type\":\"WebSite\",\"@id\":\"https:\/\/villas.hosting.omsag.de\/#website\",\"url\":\"https:\/\/villas.hosting.omsag.de\/\",\"name\":\"MaisonAzur\",\"description\":\"\",\"potentialAction\":[{\"@type\":\"SearchAction\",\"target\":{\"@type\":\"EntryPoint\",\"urlTemplate\":\"https:\/\/villas.hosting.omsag.de\/?s={search_term_string}\"},\"query-input\":{\"@type\":\"PropertyValueSpecification\",\"valueRequired\":true,\"valueName\":\"search_term_string\"}}],\"inLanguage\":\"en-US\"}]}<\/script>\n<!-- \/ Yoast SEO plugin. -->","yoast_head_json":{"title":"Luxuri\u00f6se Villa mit Pool, komfortables Ferienhaus mit Meerblick oder Ferien\u00adwohnung\/Apparte\u00adment im Zentrum \u2013 Traumurlaub in Cannes - MaisonAzur","robots":{"index":"index","follow":"follow","max-snippet":"max-snippet:-1","max-image-preview":"max-image-preview:large","max-video-preview":"max-video-preview:-1"},"canonical":"https:\/\/villas.hosting.omsag.de\/cote-dazur-a-z\/ferienhaus-cannes\/","og_locale":"en_US","og_type":"article","og_title":"Luxuri\u00f6se Villa mit Pool, komfortables Ferienhaus mit Meerblick oder Ferien\u00adwohnung\/Apparte\u00adment im Zentrum \u2013 Traumurlaub in Cannes - MaisonAzur","og_description":"[vc_row][vc_column][vc_column_text css=&#8221;.vc_custom_1685441770043{margin-bottom: 20px !important;}&#8221;]Sie sind auf der Suche nach einer privaten\u00a0Villa, einem gro\u00dfz\u00fcgigen\u00a0Ferienhaus\u00a0f\u00fcr die gesamte Familie oder einer zentrumsnahen\u00a0Ferienwohnung\u00a0bzw. einem modernen Appartement in\u00a0Cannes? Dann sind Sie hier genau richtig! Wir haben f\u00fcr jeden Bedarf das passende Objekt im Angebot, wobei sich eines \u00fcberall gleicht: Die Villen und Co. stammen alle aus dem gehobenen Segment, da ...","og_url":"https:\/\/villas.hosting.omsag.de\/cote-dazur-a-z\/ferienhaus-cannes\/","og_site_name":"MaisonAzur","article_modified_time":"2024-07-15T12:23:55+00:00","twitter_card":"summary_large_image","twitter_misc":{"Est. reading time":"2 minutes"},"schema":{"@context":"https:\/\/schema.org","@graph":[{"@type":"WebPage","@id":"https:\/\/villas.hosting.omsag.de\/cote-dazur-a-z\/ferienhaus-cannes\/","url":"https:\/\/villas.hosting.omsag.de\/cote-dazur-a-z\/ferienhaus-cannes\/","name":"Luxuri\u00f6se Villa mit Pool, komfortables Ferienhaus mit Meerblick oder Ferien\u00adwohnung\/Apparte\u00adment im Zentrum \u2013 Traumurlaub in Cannes - MaisonAzur","isPartOf":{"@id":"https:\/\/villas.hosting.omsag.de\/#website"},"datePublished":"2023-05-30T10:14:51+00:00","dateModified":"2024-07-15T12:23:55+00:00","breadcrumb":{"@id":"https:\/\/villas.hosting.omsag.de\/cote-dazur-a-z\/ferienhaus-cannes\/#breadcrumb"},"inLanguage":"en-US","potentialAction":[{"@type":"ReadAction","target":["https:\/\/villas.hosting.omsag.de\/cote-dazur-a-z\/ferienhaus-cannes\/"]}]},{"@type":"BreadcrumbList","@id":"https:\/\/villas.hosting.omsag.de\/cote-dazur-a-z\/ferienhaus-cannes\/#breadcrumb","itemListElement":[{"@type":"ListItem","position":1,"name":"Startseite","item":"https:\/\/villas.hosting.omsag.de\/"},{"@type":"ListItem","position":2,"name":"Cote Dazur A-Z","item":"https:\/\/villas.hosting.omsag.de\/cote-dazur-a-z\/"},{"@type":"ListItem","position":3,"name":"Luxuri\u00f6se Villa mit Pool, komfortables Ferienhaus mit Meerblick oder Ferien\u00adwohnung\/Apparte\u00adment im Zentrum \u2013 Traumurlaub in Cannes"}]},{"@type":"WebSite","@id":"https:\/\/villas.hosting.omsag.de\/#website","url":"https:\/\/villas.hosting.omsag.de\/","name":"MaisonAzur","description":"","potentialAction":[{"@type":"SearchAction","target":{"@type":"EntryPoint","urlTemplate":"https:\/\/villas.hosting.omsag.de\/?s={search_term_string}"},"query-input":{"@type":"PropertyValueSpecification","valueRequired":true,"valueName":"search_term_string"}}],"inLanguage":"en-US"}]}},"_links":{"self":[{"href":"https:\/\/villas.hosting.omsag.de\/en\/wp-json\/wp\/v2\/pages\/37006","targetHints":{"allow":["GET"]}}],"collection":[{"href":"https:\/\/villas.hosting.omsag.de\/en\/wp-json\/wp\/v2\/pages"}],"about":[{"href":"https:\/\/villas.hosting.omsag.de\/en\/wp-json\/wp\/v2\/types\/page"}],"author":[{"embeddable":true,"href":"https:\/\/villas.hosting.omsag.de\/en\/wp-json\/wp\/v2\/users\/1"}],"replies":[{"embeddable":true,"href":"https:\/\/villas.hosting.omsag.de\/en\/wp-json\/wp\/v2\/comments?post=37006"}],"version-history":[{"count":1,"href":"https:\/\/villas.hosting.omsag.de\/en\/wp-json\/wp\/v2\/pages\/37006\/revisions"}],"predecessor-version":[{"id":38746,"href":"https:\/\/villas.hosting.omsag.de\/en\/wp-json\/wp\/v2\/pages\/37006\/revisions\/38746"}],"up":[{"embeddable":true,"href":"https:\/\/villas.hosting.omsag.de\/en\/wp-json\/wp\/v2\/pages\/29035"}],"wp:attachment":[{"href":"https:\/\/villas.hosting.omsag.de\/en\/wp-json\/wp\/v2\/media?parent=37006"}],"curies":[{"name":"wp","href":"https:\/\/api.w.org\/{rel}","templated":true}]}}