{"id":37008,"date":"2023-05-30T12:20:08","date_gmt":"2023-05-30T10:20:08","guid":{"rendered":"https:\/\/vcd.oms-smart.de\/cote-dazur-a-z\/434-2\/"},"modified":"2024-07-15T14:22:36","modified_gmt":"2024-07-15T12:22:36","slug":"434-2","status":"publish","type":"page","link":"https:\/\/villas.hosting.omsag.de\/en\/cote-dazur-a-z\/434-2\/","title":{"rendered":"Erleben Sie im Urlaub an der Franz\u00f6sischen Riviera erholsame Tage im Ferienhaus in St. Tropez"},"content":{"rendered":"<section class=\"wpb-content-wrapper\"><p>[vc_row][vc_column][vc_column_text css=&#8221;.vc_custom_1685441968430{margin-bottom: 50px !important;}&#8221;]Schneewei\u00dfe Str\u00e4nde, tiefblaues Meer und anmutende Villen, die den Spagat zwischen architektonischer Sch\u00f6nheit und modernem Luxus meistern, machen St. Tropez zu einem der beliebtesten Urlaubsorte an der C\u00f4te d\u2019Azur. Sowohl an der Franz\u00f6sischen Riviera als auch weltweit, gibt es nur wenige St\u00e4dte, die einen \u00e4hnlichen Charakter haben. Lernen Sie in einem\u00a0<strong>Ferienhaus in St. Tropez<\/strong>\u00a0den international angesehenen Urlaubsort kennen.\u00a0<strong>Mieten<\/strong>\u00a0Sie bei uns das passende Domizil f\u00fcr Ihren Aufenthalt.<\/p>\n<p>Noch im 19. Jahrhundert war St. Tropez nur ein einfaches, unscheinbares Fischerdorf. Erst in den vergangenen Jahrzehnten hat sich der Ort zu einem der wohl bekanntesten Ziele an der C\u00f4te d\u2019Azur entwickelt. Es waren vor allem Prominente, die St. Tropez mit seinem maritimen Charme zur heutigen Bekanntheit verholfen haben. Geblieben ist, abgesehen von der Lage, von dem Bild des ehemaligen Fischerortes nicht mehr viel. Heute wird der K\u00fcstenort durch mond\u00e4nen Charme, anhaltenden Luxus und modernes Flair gepr\u00e4gt. Genie\u00dfen auch Sie Ihren wohlverdienten Urlaub in einer luxuri\u00f6s gestalteten Villa, einer modernen Ferienwohnung oder einem Ferienhaus und mieten Sie bei uns das passende Domizil in St. Tropez oder in der nahe gelegenen Gemeinde Ramatuelle.[\/vc_column_text][vc_column_text css=&#8221;.vc_custom_1706017579122{margin-top: 50px !important;margin-bottom: 50px !important;}&#8221;]<\/p>\n<h2>In Ihrem Ferienhaus in St. Tropez sind Sie oft nur einen Katzensprung vom Strand entfernt<\/h2>\n<p>Erleben Sie ab dem ersten Urlaubstag den luxuri\u00f6sen Charme des franz\u00f6sischen Urlaubsortes, der sich auch in der Ausstattung und Gestaltung der Ferienunterk\u00fcnfte widerspiegelt. So bietet Ihnen jedes Ferienhaus aus unserem Angebot jeden Komfort, den Sie sich w\u00fcnschen. Die modern eingerichteten und anmutend gestalteten H\u00e4user befinden meist nur wenige hundert Meter vom Strand oder den atemberaubenden K\u00fcstenlinien entfernt, sodass Sie diese problemlos zu Fu\u00df erreichen. Trotz Meerblick und Strandn\u00e4he k\u00f6nnen Sie sich in Ihrer Villa oder Ferienwohnung meist auf einen eigenen Pool verlassen. Mieten Sie bei uns mit wenigen Klicks Ihr Wunschdomizil in St. Tropez und freuen Sie sich auf einen erholsamen Urlaub mit Freunden und Familie.<\/p>\n<h2>Genie\u00dfen Sie die endlose Weite der C\u00f4te d\u2019Azur in einem Ferienhaus in Ramatuelle oder Hy\u00e9res-Le Pradet<\/h2>\n<p>Nicht nur St. Tropez ist mit seinen modernen Ferienh\u00e4usern und herrschaftlichen Anwesen einen Besuch wert. Auch das benachbarte Ramatuelle am \u00f6stlichen Fu\u00df des Massif des Maures wird aufgrund seines erfrischenden Spirits und der Lage an der Bucht von Pampelonne gesch\u00e4tzt. Sehnen Sie sich nach urspr\u00fcnglicher Natur, tiefblauen Lagunen und einem Hauch von Urspr\u00fcnglichkeit, ist ein\u00a0<a title=\"Ferienhaus Hy\u00e8res\" href=\"https:\/\/villas-cote-d-azur.de\/en\/properties\/cipriere\/\">Ferienhaus in Hy\u00e8res<\/a>-Le Pradet genau das Richtige f\u00fcr Sie. Verweilen Sie an den Marais, an denen die Flamingos jeden Tag ihr Abendessen genie\u00dfen oder erkunden Sie die langen Sandstr\u00e4nde bei einem Spaziergang. Hy\u00e8res-Le Pradet ist ein wahres Paradies f\u00fcr Surfer und begeistert Wassersportfans, aber auch Erholungssuchende ab der ersten Minute. Entdecken Sie unser Angebot an Ferienwohnungen und Villen und finden Sie das Ferienhaus in oder in der N\u00e4he von St. Tropez, das am besten zu Ihren W\u00fcnschen passt.[\/vc_column_text]<div class=\" bottom-estate_property nobutton \"><div class=\" items_shortcode_wrapper\">\n<div itemscope itemtype=\"http:\/\/schema.org\/Product\" class=\"listing_wrapper col-md-6 shortcode-col property_unit_v3  property_flex propety_unit_3\" data-org=\"4\" data-listid=\"35512\" >\n    \n    <div class=\"property_listing\" >\n        \n\n            <div class=\"listing-unit-img-wrapper\"><a href=\"https:\/\/villas.hosting.omsag.de\/en\/properties\/issambres-st-maxime-villa-al-mare\/\" target=\"_self\" ><img decoding=\"async\" itemprop=\"image\" src=\"https:\/\/villas.hosting.omsag.de\/wp-content\/uploads\/2023\/11\/IMG_0804-400x314.jpeg\"   class=\"b-lazy img-responsive wp-post-image lazy-hidden\" alt=\"ISSAMBRES\/ ST. MAXIME, VILLA \u00abAl-MARE\u00bb\" \/><\/a><div class=\"price_unit_wrapper\"> <\/div><div class=\"price_unit\">Hauptsaison ab  6.290 \u20ac\/Woche<br \/>\r\nNebensaison ab  3.190 \u20ac\/Woche<\/div><\/div>\n            <div class=\"property_unit_action\">\n                <span class=\"icon-fav icon-fav-off\" data-original-title=\"add to favorites\" data-postid=\"35512\"><i class=\"fas fa-heart\"><\/i><\/span>\n            <\/div>\n\n\n\n            <div class=\"property_status_wrapper\"><\/div>\n            <div class=\"title-container\">\n\t\t\t\n\t\t\t<div class=\"symbole\" style=\"margin-top:20px;\"><img decoding=\"async\" class=\"proicon\" src=\"https:\/\/villas-cote-d-azur.de\/wp-content\/uploads\/2015\/05\/i-pool2x.png\" width=\"50\" alt=\"Haustier m\u00f6glich\"><img decoding=\"async\" class=\"proicon\" src=\"https:\/\/villas-cote-d-azur.de\/wp-content\/uploads\/2015\/05\/i-wifi2x.png\" width=\"50\" alt=\"Haustier m\u00f6glich\"><img decoding=\"async\" class=\"proicon\" src=\"https:\/\/villas-cote-d-azur.de\/wp-content\/uploads\/2015\/05\/i-family2x.png\" width=\"50\" alt=\"Haustier m\u00f6glich\"><img decoding=\"async\" class=\"proicon\" src=\"https:\/\/villas-cote-d-azur.de\/wp-content\/uploads\/2015\/05\/i-ac2x.png\" width=\"50\" alt=\"Haustier m\u00f6glich\"><img decoding=\"async\" class=\"proicon\" src=\"https:\/\/villas-cote-d-azur.de\/wp-content\/uploads\/2015\/05\/i-dog2x.png\" width=\"50\" alt=\"Haustier m\u00f6glich\"><img decoding=\"async\" class=\"proicon\" src=\"https:\/\/villas-cote-d-azur.de\/wp-content\/uploads\/2015\/05\/i-parking2x.png\" width=\"50\" alt=\"Haustier m\u00f6glich\"><\/div>\n                <div class=\"property-rating\"><i class=\"fas fa-star\"><\/i><i class=\"fas fa-star\"><\/i><i class=\"fas fa-star\"><\/i><i class=\"fas fa-star\"><\/i><i class=\"fas fa-star\"><\/i><\/div>\n                <div class=\"category_name\">\n                        <a  itemprop=\"url\"  href=\"https:\/\/villas.hosting.omsag.de\/en\/properties\/issambres-st-maxime-villa-al-mare\/\"  class=\"listing_title_unit\" >\n    \n    \n<!--    <span itemprop=\"name\">-->\n    ISSAMBRES\/ ST. MAXIME, VILLA \u00abAl-MARE\u00bb<!--    <\/span>-->\n<\/a>\t\t\t\t\t<span class=\"referenz\">V8\/Issambres\/AlMare<\/span>                    <div class=\"category_tagline actions_icon\">\n                        \t\t\t\t\t\t                    <\/div>\n\n                    <div class=\"category_tagline custom_details\">xxx\n                       <div class=\"custom_listing_data\"><i class=\"fas fa-home\"><\/i>190 m<sup>2<\/sup><\/div><div class=\"custom_listing_data\"><i class=\"fas fa-users\"><\/i>8<\/div><div class=\"custom_listing_data\"><i class=\"fas fa-bed\"><\/i>4<\/div><div class=\"custom_listing_data\"><i class=\"fas fa-map-marker-alt\"><\/i><a href=\"https:\/\/villas.hosting.omsag.de\/en\/city\/st-maxime-en\/\" rel=\"tag\">St. Maxime<\/a><\/div>\t\t\t\t\t\n\t\t\t\t\t<div class=\"haus-besch\">---<p>\t\t\t\t\t<\/div>\n                    <\/div>\n\t\t\t\t\t<div class=\"mehrerfahren\">\n\t\t\t\t\t<a href=\"https:\/\/villas.hosting.omsag.de\/en\/properties\/issambres-st-maxime-villa-al-mare\/\"  class=\"weiterlesen\" >MEHR DETAILS<\/a>\n\t\t\t\t\t<\/div>\n                <\/div>\n\t\t\t\t\n\n            <\/div>\n            <\/div>\n<\/div>\n<\/div><\/div>[\/vc_column][\/vc_row]<\/p>\n<\/section>","protected":false},"excerpt":{"rendered":"<p>[vc_row][vc_column][vc_column_text css=&#8221;.vc_custom_1685441968430{margin-bottom: 50px !important;}&#8221;]Schneewei\u00dfe Str\u00e4nde, tiefblaues Meer und anmutende Villen, die den Spagat zwischen architektonischer Sch\u00f6nheit und modernem Luxus meistern, machen St. Tropez zu einem der beliebtesten Urlaubsorte an der C\u00f4te d\u2019Azur. Sowohl an der Franz\u00f6sischen Riviera als auch weltweit, gibt es nur wenige St\u00e4dte, die einen \u00e4hnlichen Charakter haben. Lernen Sie in einem\u00a0Ferienhaus in &#8230;<\/p>\n","protected":false},"author":1,"featured_media":0,"parent":29035,"menu_order":0,"comment_status":"closed","ping_status":"closed","template":"","meta":{"_acf_changed":false,"footnotes":""},"class_list":["post-37008","page","type-page","status-publish","hentry"],"acf":[],"yoast_head":"<!-- This site is optimized with the Yoast SEO plugin v24.1 - https:\/\/yoast.com\/wordpress\/plugins\/seo\/ -->\n<title>Erleben Sie im Urlaub an der Franz\u00f6sischen Riviera erholsame Tage im Ferienhaus in St. Tropez - MaisonAzur<\/title>\n<meta name=\"robots\" content=\"index, follow, max-snippet:-1, max-image-preview:large, max-video-preview:-1\" \/>\n<link rel=\"canonical\" href=\"https:\/\/villas.hosting.omsag.de\/cote-dazur-a-z\/434-2\/\" \/>\n<meta property=\"og:locale\" content=\"en_US\" \/>\n<meta property=\"og:type\" content=\"article\" \/>\n<meta property=\"og:title\" content=\"Erleben Sie im Urlaub an der Franz\u00f6sischen Riviera erholsame Tage im Ferienhaus in St. Tropez - MaisonAzur\" \/>\n<meta property=\"og:description\" content=\"[vc_row][vc_column][vc_column_text css=&#8221;.vc_custom_1685441968430{margin-bottom: 50px !important;}&#8221;]Schneewei\u00dfe Str\u00e4nde, tiefblaues Meer und anmutende Villen, die den Spagat zwischen architektonischer Sch\u00f6nheit und modernem Luxus meistern, machen St. Tropez zu einem der beliebtesten Urlaubsorte an der C\u00f4te d\u2019Azur. Sowohl an der Franz\u00f6sischen Riviera als auch weltweit, gibt es nur wenige St\u00e4dte, die einen \u00e4hnlichen Charakter haben. Lernen Sie in einem\u00a0Ferienhaus in ...\" \/>\n<meta property=\"og:url\" content=\"https:\/\/villas.hosting.omsag.de\/cote-dazur-a-z\/434-2\/\" \/>\n<meta property=\"og:site_name\" content=\"MaisonAzur\" \/>\n<meta property=\"article:modified_time\" content=\"2024-07-15T12:22:36+00:00\" \/>\n<meta name=\"twitter:card\" content=\"summary_large_image\" \/>\n<meta name=\"twitter:label1\" content=\"Est. reading time\" \/>\n\t<meta name=\"twitter:data1\" content=\"3 minutes\" \/>\n<script type=\"application\/ld+json\" class=\"yoast-schema-graph\">{\"@context\":\"https:\/\/schema.org\",\"@graph\":[{\"@type\":\"WebPage\",\"@id\":\"https:\/\/villas.hosting.omsag.de\/cote-dazur-a-z\/434-2\/\",\"url\":\"https:\/\/villas.hosting.omsag.de\/cote-dazur-a-z\/434-2\/\",\"name\":\"Erleben Sie im Urlaub an der Franz\u00f6sischen Riviera erholsame Tage im Ferienhaus in St. Tropez - MaisonAzur\",\"isPartOf\":{\"@id\":\"https:\/\/villas.hosting.omsag.de\/#website\"},\"datePublished\":\"2023-05-30T10:20:08+00:00\",\"dateModified\":\"2024-07-15T12:22:36+00:00\",\"breadcrumb\":{\"@id\":\"https:\/\/villas.hosting.omsag.de\/cote-dazur-a-z\/434-2\/#breadcrumb\"},\"inLanguage\":\"en-US\",\"potentialAction\":[{\"@type\":\"ReadAction\",\"target\":[\"https:\/\/villas.hosting.omsag.de\/cote-dazur-a-z\/434-2\/\"]}]},{\"@type\":\"BreadcrumbList\",\"@id\":\"https:\/\/villas.hosting.omsag.de\/cote-dazur-a-z\/434-2\/#breadcrumb\",\"itemListElement\":[{\"@type\":\"ListItem\",\"position\":1,\"name\":\"Startseite\",\"item\":\"https:\/\/villas.hosting.omsag.de\/\"},{\"@type\":\"ListItem\",\"position\":2,\"name\":\"Cote Dazur A-Z\",\"item\":\"https:\/\/villas.hosting.omsag.de\/cote-dazur-a-z\/\"},{\"@type\":\"ListItem\",\"position\":3,\"name\":\"Erleben Sie im Urlaub an der Franz\u00f6sischen Riviera erholsame Tage im Ferienhaus in St. Tropez\"}]},{\"@type\":\"WebSite\",\"@id\":\"https:\/\/villas.hosting.omsag.de\/#website\",\"url\":\"https:\/\/villas.hosting.omsag.de\/\",\"name\":\"MaisonAzur\",\"description\":\"\",\"potentialAction\":[{\"@type\":\"SearchAction\",\"target\":{\"@type\":\"EntryPoint\",\"urlTemplate\":\"https:\/\/villas.hosting.omsag.de\/?s={search_term_string}\"},\"query-input\":{\"@type\":\"PropertyValueSpecification\",\"valueRequired\":true,\"valueName\":\"search_term_string\"}}],\"inLanguage\":\"en-US\"}]}<\/script>\n<!-- \/ Yoast SEO plugin. -->","yoast_head_json":{"title":"Erleben Sie im Urlaub an der Franz\u00f6sischen Riviera erholsame Tage im Ferienhaus in St. Tropez - MaisonAzur","robots":{"index":"index","follow":"follow","max-snippet":"max-snippet:-1","max-image-preview":"max-image-preview:large","max-video-preview":"max-video-preview:-1"},"canonical":"https:\/\/villas.hosting.omsag.de\/cote-dazur-a-z\/434-2\/","og_locale":"en_US","og_type":"article","og_title":"Erleben Sie im Urlaub an der Franz\u00f6sischen Riviera erholsame Tage im Ferienhaus in St. Tropez - MaisonAzur","og_description":"[vc_row][vc_column][vc_column_text css=&#8221;.vc_custom_1685441968430{margin-bottom: 50px !important;}&#8221;]Schneewei\u00dfe Str\u00e4nde, tiefblaues Meer und anmutende Villen, die den Spagat zwischen architektonischer Sch\u00f6nheit und modernem Luxus meistern, machen St. Tropez zu einem der beliebtesten Urlaubsorte an der C\u00f4te d\u2019Azur. Sowohl an der Franz\u00f6sischen Riviera als auch weltweit, gibt es nur wenige St\u00e4dte, die einen \u00e4hnlichen Charakter haben. Lernen Sie in einem\u00a0Ferienhaus in ...","og_url":"https:\/\/villas.hosting.omsag.de\/cote-dazur-a-z\/434-2\/","og_site_name":"MaisonAzur","article_modified_time":"2024-07-15T12:22:36+00:00","twitter_card":"summary_large_image","twitter_misc":{"Est. reading time":"3 minutes"},"schema":{"@context":"https:\/\/schema.org","@graph":[{"@type":"WebPage","@id":"https:\/\/villas.hosting.omsag.de\/cote-dazur-a-z\/434-2\/","url":"https:\/\/villas.hosting.omsag.de\/cote-dazur-a-z\/434-2\/","name":"Erleben Sie im Urlaub an der Franz\u00f6sischen Riviera erholsame Tage im Ferienhaus in St. Tropez - MaisonAzur","isPartOf":{"@id":"https:\/\/villas.hosting.omsag.de\/#website"},"datePublished":"2023-05-30T10:20:08+00:00","dateModified":"2024-07-15T12:22:36+00:00","breadcrumb":{"@id":"https:\/\/villas.hosting.omsag.de\/cote-dazur-a-z\/434-2\/#breadcrumb"},"inLanguage":"en-US","potentialAction":[{"@type":"ReadAction","target":["https:\/\/villas.hosting.omsag.de\/cote-dazur-a-z\/434-2\/"]}]},{"@type":"BreadcrumbList","@id":"https:\/\/villas.hosting.omsag.de\/cote-dazur-a-z\/434-2\/#breadcrumb","itemListElement":[{"@type":"ListItem","position":1,"name":"Startseite","item":"https:\/\/villas.hosting.omsag.de\/"},{"@type":"ListItem","position":2,"name":"Cote Dazur A-Z","item":"https:\/\/villas.hosting.omsag.de\/cote-dazur-a-z\/"},{"@type":"ListItem","position":3,"name":"Erleben Sie im Urlaub an der Franz\u00f6sischen Riviera erholsame Tage im Ferienhaus in St. Tropez"}]},{"@type":"WebSite","@id":"https:\/\/villas.hosting.omsag.de\/#website","url":"https:\/\/villas.hosting.omsag.de\/","name":"MaisonAzur","description":"","potentialAction":[{"@type":"SearchAction","target":{"@type":"EntryPoint","urlTemplate":"https:\/\/villas.hosting.omsag.de\/?s={search_term_string}"},"query-input":{"@type":"PropertyValueSpecification","valueRequired":true,"valueName":"search_term_string"}}],"inLanguage":"en-US"}]}},"_links":{"self":[{"href":"https:\/\/villas.hosting.omsag.de\/en\/wp-json\/wp\/v2\/pages\/37008","targetHints":{"allow":["GET"]}}],"collection":[{"href":"https:\/\/villas.hosting.omsag.de\/en\/wp-json\/wp\/v2\/pages"}],"about":[{"href":"https:\/\/villas.hosting.omsag.de\/en\/wp-json\/wp\/v2\/types\/page"}],"author":[{"embeddable":true,"href":"https:\/\/villas.hosting.omsag.de\/en\/wp-json\/wp\/v2\/users\/1"}],"replies":[{"embeddable":true,"href":"https:\/\/villas.hosting.omsag.de\/en\/wp-json\/wp\/v2\/comments?post=37008"}],"version-history":[{"count":1,"href":"https:\/\/villas.hosting.omsag.de\/en\/wp-json\/wp\/v2\/pages\/37008\/revisions"}],"predecessor-version":[{"id":38745,"href":"https:\/\/villas.hosting.omsag.de\/en\/wp-json\/wp\/v2\/pages\/37008\/revisions\/38745"}],"up":[{"embeddable":true,"href":"https:\/\/villas.hosting.omsag.de\/en\/wp-json\/wp\/v2\/pages\/29035"}],"wp:attachment":[{"href":"https:\/\/villas.hosting.omsag.de\/en\/wp-json\/wp\/v2\/media?parent=37008"}],"curies":[{"name":"wp","href":"https:\/\/api.w.org\/{rel}","templated":true}]}}