{"id":37023,"date":"2023-05-30T12:37:36","date_gmt":"2023-05-30T10:37:36","guid":{"rendered":"https:\/\/vcd.oms-smart.de\/cote-dazur-a-z\/mougins-valbonne-grasse\/"},"modified":"2024-07-15T14:21:39","modified_gmt":"2024-07-15T12:21:39","slug":"mougins-valbonne-grasse","status":"publish","type":"page","link":"https:\/\/villas.hosting.omsag.de\/en\/cote-dazur-a-z\/mougins-valbonne-grasse\/","title":{"rendered":"Mougins-Valbonne-Grasse"},"content":{"rendered":"<section class=\"wpb-content-wrapper\"><p>[vc_row][vc_column][vc_column_text css=&#8221;.vc_custom_1685443025886{margin-bottom: 20px !important;}&#8221;]<\/p>\n<h2>Das Hinterland der C\u00f4te d\u2019Azur kennenlernen \u2013 im privaten Ferienhaus mit Pool<\/h2>\n<p>Sie m\u00f6chten Ihren Urlaub an der einzigartigen\u00a0<strong>C\u00f4te d\u2019Azur<\/strong>\u00a0buchen und w\u00e4hrend dieser Zeit im eigenen\u00a0<strong>Ferienhaus mit Pool<\/strong>\u00a0wohnen? Gleichzeitig interessiert es Sie, die zauberhafte Region einmal von einem anderen Blickwinkel, etwas weiter im Hinterland der ber\u00fchmten K\u00fcstenst\u00e4dte kennenzulernen? Dann sind Sie bei uns genau richtig. In den Orten Mougins, Valbonne und Grasse warten traumhafte Luxush\u00e4user an der franz\u00f6sischen Riviera auf Sie \u2013 mit atemberaubenden Panoramablicken und extravagantem Interieur. Werfen Sie einen Blick auf unsere erstklassigen Villen und \u00fcberzeugen Sie sich selbst![\/vc_column_text][vc_btn title=&#8221;Anfrage&#8221; color=&#8221;sky&#8221; align=&#8221;center&#8221; link=&#8221;url:%2Fkontakt%2F|title:Kontakt&#8221;][vc_column_text css=&#8221;.vc_custom_1685443038225{margin-top: 20px !important;margin-bottom: 50px !important;}&#8221;]Wenn Sie die gesamte Region von Cannes bis Nizza inklusive des Hinterlandes der C\u00f4te d\u2019Azur erleben m\u00f6chten, bietet sich ein Ferienhaus mit Pool in den H\u00fcgeln ideal an. Aber auch wer eher die absolute Privatsph\u00e4re und Ruhe zum kompletten Entspannen in wundervoller Kulisse sucht, ist hier richtig. Denn von unseren Luxush\u00e4usern aus lassen sich nicht nur Rundreisen perfekt starten, unvergleichliche Meerblicke genie\u00dfen und Wandertouren planen, sondern die umliegenden St\u00e4dte selbst sind schon absolute Highlights: Mougins liegt nur ca. 10-15 Minuten hinter Cannes und hat eine bezaubernde Altstadt, die sich f\u00fcr einen Bummel absolut lohnt. Dort finden Sie nicht nur reihenweise wundersch\u00f6ne Galerien und nette Gesch\u00e4fte, auch kulinarisch kann man sich in Mougins verw\u00f6hnen lassen. Um die Altstadt herum auf den H\u00fcgeln stehen stattliche Villen, die besonders beliebt bei allen sind, die sowohl die Ruhe lieben, aber auch ganz schnell am Meer sein wollen oder in Cannes eines der Festivals besuchen.<\/p>\n<p>Wenn man dann noch etwas weiter ins Hinterland f\u00e4hrt, kommt man nach Valbonne und Opio. Valbonne mit seinem lebendigen proven\u00e7alischen alten Ortskern und dem tollen Marktplatz ist wunderbar. Dort treffen sich Jung und Alt \u2013 ein buntes Treiben, besonders am Abend ist es dort einfach nur sch\u00f6n. Und das sind nur einige der Sehensw\u00fcrdigkeiten, die hier auf Sie warten![\/vc_column_text][vc_column_text css=&#8221;.vc_custom_1706018099436{margin-top: 50px !important;margin-bottom: 50px !important;}&#8221;]<\/p>\n<h2>Um Mougins, Valbonne und Opio liegen zahlreiche Golfpl\u00e4tze \u2013 f\u00fcr Golfer ein Paradies!<\/h2>\n<p>\u00dcberall im D\u00e9partement Alpes-Maritimes finden sich tolle Golfpl\u00e4tze, die neben dem Bummeln, Wandern, Erholen und Schwimmen eine perfekte Abwechslung bieten. Ebenfalls im Hinterland der C\u00f4te d\u2019Azur, ca. 20 Minuten vom Meer entfernt, liegt Grasse. Auch hier haben Sie die M\u00f6glichkeit, ein privates Ferienhaus mit Pool zu mieten. Warum der\u00a0<a title=\"Urlaub Grasse\" href=\"https:\/\/villas-cote-d-azur.de\/en\/properties\/grasse-le-rouret-villa-castelleras\/\">Urlaub in Grasse<\/a>\u00a0so besonders ist? Weltweit bekannt als die \u201eParf\u00fcm-Stadt\u201c \u2013 auch durch den Film sowie das Buch \u201eDas Parf\u00fcm\u201c von Patrick S\u00fcskind \u2013, beg\u00fcnstigt das Klima hier einen enormen Bl\u00fctenreichtum. Lavendel, Rosen, Jasmin und viele weitere pr\u00e4chtigen Blumen gedeihen hier im \u00dcberfluss. So erkl\u00e4rt es sich, dass Grasse das internationale Zentrum f\u00fcr die Herstellung von Parf\u00fcm-Essenzen ist. Ein Besuch bei den drei \u201eGro\u00dfen\u201c (Fragonard, Molinard und Galimard) lohnt sich. In den ber\u00fchmten Parf\u00fcmerien findet man immer ein sch\u00f6nes Souvenir.<\/p>\n<p>Im Hinterland von Grasse liegen die h\u00fcbschen Orte Cabris und Sp\u00e9rac\u00e8des mit ihren kleinen, alten und entz\u00fcckenden proven\u00e7alischen Ortskernen sowie einigen wundersch\u00f6nen Pl\u00e4tzen. Falls Sie dort ein Ferienhaus mit einem fantastischen Weitblick mieten, k\u00f6nnen Sie die reizvolle Gegend auf eine ganz eigene Art und Weise erforschen \u2013 mit dem Mountainbike oder bei Wanderungen ist die Region um Grasse ein sehr guter Ausgangspunkt.[\/vc_column_text]<div class=\" bottom-estate_property nobutton \"><div class=\" items_shortcode_wrapper\">\n<div itemscope itemtype=\"http:\/\/schema.org\/Product\" class=\"listing_wrapper col-md-6 shortcode-col property_unit_v3  property_flex propety_unit_3\" data-org=\"4\" data-listid=\"35519\" >\n    \n    <div class=\"property_listing\" >\n        \n\n            <div class=\"listing-unit-img-wrapper\"><a href=\"https:\/\/villas.hosting.omsag.de\/en\/properties\/mougins-cannes-villa-bouscarle\/\" target=\"_self\" ><img decoding=\"async\" itemprop=\"image\" src=\"https:\/\/villas.hosting.omsag.de\/wp-content\/uploads\/2023\/11\/IMG_4223-400x314.jpg\"   class=\"b-lazy img-responsive wp-post-image lazy-hidden\" alt=\"MOUGINS-CANNES, VILLA \u00abBOUSCARLE\u00bb\" \/><\/a><div class=\"price_unit_wrapper\"> <\/div><div class=\"price_unit\">Hauptsaison ab 8.990 \u20ac\/Woche<br \/>\r\nNebensaison ab 6.990 \u20ac\/Woche<\/div><\/div>\n            <div class=\"property_unit_action\">\n                <span class=\"icon-fav icon-fav-off\" data-original-title=\"add to favorites\" data-postid=\"35519\"><i class=\"fas fa-heart\"><\/i><\/span>\n            <\/div>\n\n\n\n            <div class=\"property_status_wrapper\"><\/div>\n            <div class=\"title-container\">\n\t\t\t\n\t\t\t<div class=\"symbole\" style=\"margin-top:20px;\"><img decoding=\"async\" class=\"proicon\" src=\"https:\/\/villas-cote-d-azur.de\/wp-content\/uploads\/2015\/05\/i-pool2x.png\" width=\"50\" alt=\"Haustier m\u00f6glich\"><img decoding=\"async\" class=\"proicon\" src=\"https:\/\/villas-cote-d-azur.de\/wp-content\/uploads\/2015\/05\/i-wifi2x.png\" width=\"50\" alt=\"Haustier m\u00f6glich\"><img decoding=\"async\" class=\"proicon\" src=\"https:\/\/villas-cote-d-azur.de\/wp-content\/uploads\/2015\/05\/i-family2x.png\" width=\"50\" alt=\"Haustier m\u00f6glich\"><img decoding=\"async\" class=\"proicon\" src=\"https:\/\/villas-cote-d-azur.de\/wp-content\/uploads\/2015\/05\/i-ac2x.png\" width=\"50\" alt=\"Haustier m\u00f6glich\"><img decoding=\"async\" class=\"proicon\" src=\"https:\/\/villas-cote-d-azur.de\/wp-content\/uploads\/2015\/05\/i-parking2x.png\" width=\"50\" alt=\"Haustier m\u00f6glich\"><\/div>\n                <div class=\"property-rating\"><i class=\"fas fa-star\"><\/i><i class=\"fas fa-star\"><\/i><i class=\"fas fa-star\"><\/i><i class=\"fas fa-star\"><\/i><i class=\"fas fa-star\"><\/i><\/div>\n                <div class=\"category_name\">\n                        <a  itemprop=\"url\"  href=\"https:\/\/villas.hosting.omsag.de\/en\/properties\/mougins-cannes-villa-bouscarle\/\"  class=\"listing_title_unit\" >\n    \n    \n<!--    <span itemprop=\"name\">-->\n    MOUGINS-CANNES, VILLA \u00abBOUSCARLE\u00bb<!--    <\/span>-->\n<\/a>\t\t\t\t\t<span class=\"referenz\">V10\/Mougins\/Bous<\/span>                    <div class=\"category_tagline actions_icon\">\n                        \t\t\t\t\t\t                    <\/div>\n\n                    <div class=\"category_tagline custom_details\">xxx\n                       <div class=\"custom_listing_data\"><i class=\"fas fa-home\"><\/i>300 m<sup>2<\/sup><\/div><div class=\"custom_listing_data\"><i class=\"fas fa-users\"><\/i>10<\/div><div class=\"custom_listing_data\"><i class=\"fas fa-bed\"><\/i>5<\/div><div class=\"custom_listing_data\"><i class=\"fas fa-map-marker-alt\"><\/i><a href=\"https:\/\/villas.hosting.omsag.de\/en\/city\/cannes-en\/\" rel=\"tag\">Cannes<\/a>, <a href=\"https:\/\/villas.hosting.omsag.de\/en\/city\/mougins-cannes-en\/\" rel=\"tag\">Mougins-Cannes<\/a><\/div>\t\t\t\t\t\n\t\t\t\t\t<div class=\"haus-besch\">---<p>\t\t\t\t\t<\/div>\n                    <\/div>\n\t\t\t\t\t<div class=\"mehrerfahren\">\n\t\t\t\t\t<a href=\"https:\/\/villas.hosting.omsag.de\/en\/properties\/mougins-cannes-villa-bouscarle\/\"  class=\"weiterlesen\" >MEHR DETAILS<\/a>\n\t\t\t\t\t<\/div>\n                <\/div>\n\t\t\t\t\n\n            <\/div>\n            <\/div>\n<\/div>\n<\/div><\/div>[\/vc_column][\/vc_row]<\/p>\n<\/section>","protected":false},"excerpt":{"rendered":"<p>[vc_row][vc_column][vc_column_text css=&#8221;.vc_custom_1685443025886{margin-bottom: 20px !important;}&#8221;] Das Hinterland der C\u00f4te d\u2019Azur kennenlernen \u2013 im privaten Ferienhaus mit Pool Sie m\u00f6chten Ihren Urlaub an der einzigartigen\u00a0C\u00f4te d\u2019Azur\u00a0buchen und w\u00e4hrend dieser Zeit im eigenen\u00a0Ferienhaus mit Pool\u00a0wohnen? Gleichzeitig interessiert es Sie, die zauberhafte Region einmal von einem anderen Blickwinkel, etwas weiter im Hinterland der ber\u00fchmten K\u00fcstenst\u00e4dte kennenzulernen? Dann sind Sie &#8230;<\/p>\n","protected":false},"author":1,"featured_media":0,"parent":29035,"menu_order":0,"comment_status":"closed","ping_status":"closed","template":"","meta":{"_acf_changed":false,"footnotes":""},"class_list":["post-37023","page","type-page","status-publish","hentry"],"acf":[],"yoast_head":"<!-- This site is optimized with the Yoast SEO plugin v24.1 - https:\/\/yoast.com\/wordpress\/plugins\/seo\/ -->\n<title>Mougins-Valbonne-Grasse - MaisonAzur<\/title>\n<meta name=\"robots\" content=\"index, follow, max-snippet:-1, max-image-preview:large, max-video-preview:-1\" \/>\n<link rel=\"canonical\" href=\"https:\/\/villas.hosting.omsag.de\/cote-dazur-a-z\/mougins-valbonne-grasse\/\" \/>\n<meta property=\"og:locale\" content=\"en_US\" \/>\n<meta property=\"og:type\" content=\"article\" \/>\n<meta property=\"og:title\" content=\"Mougins-Valbonne-Grasse - MaisonAzur\" \/>\n<meta property=\"og:description\" content=\"[vc_row][vc_column][vc_column_text css=&#8221;.vc_custom_1685443025886{margin-bottom: 20px !important;}&#8221;] Das Hinterland der C\u00f4te d\u2019Azur kennenlernen \u2013 im privaten Ferienhaus mit Pool Sie m\u00f6chten Ihren Urlaub an der einzigartigen\u00a0C\u00f4te d\u2019Azur\u00a0buchen und w\u00e4hrend dieser Zeit im eigenen\u00a0Ferienhaus mit Pool\u00a0wohnen? Gleichzeitig interessiert es Sie, die zauberhafte Region einmal von einem anderen Blickwinkel, etwas weiter im Hinterland der ber\u00fchmten K\u00fcstenst\u00e4dte kennenzulernen? Dann sind Sie ...\" \/>\n<meta property=\"og:url\" content=\"https:\/\/villas.hosting.omsag.de\/cote-dazur-a-z\/mougins-valbonne-grasse\/\" \/>\n<meta property=\"og:site_name\" content=\"MaisonAzur\" \/>\n<meta property=\"article:modified_time\" content=\"2024-07-15T12:21:39+00:00\" \/>\n<meta name=\"twitter:card\" content=\"summary_large_image\" \/>\n<meta name=\"twitter:label1\" content=\"Est. reading time\" \/>\n\t<meta name=\"twitter:data1\" content=\"3 minutes\" \/>\n<script type=\"application\/ld+json\" class=\"yoast-schema-graph\">{\"@context\":\"https:\/\/schema.org\",\"@graph\":[{\"@type\":\"WebPage\",\"@id\":\"https:\/\/villas.hosting.omsag.de\/cote-dazur-a-z\/mougins-valbonne-grasse\/\",\"url\":\"https:\/\/villas.hosting.omsag.de\/cote-dazur-a-z\/mougins-valbonne-grasse\/\",\"name\":\"Mougins-Valbonne-Grasse - MaisonAzur\",\"isPartOf\":{\"@id\":\"https:\/\/villas.hosting.omsag.de\/#website\"},\"datePublished\":\"2023-05-30T10:37:36+00:00\",\"dateModified\":\"2024-07-15T12:21:39+00:00\",\"breadcrumb\":{\"@id\":\"https:\/\/villas.hosting.omsag.de\/cote-dazur-a-z\/mougins-valbonne-grasse\/#breadcrumb\"},\"inLanguage\":\"en-US\",\"potentialAction\":[{\"@type\":\"ReadAction\",\"target\":[\"https:\/\/villas.hosting.omsag.de\/cote-dazur-a-z\/mougins-valbonne-grasse\/\"]}]},{\"@type\":\"BreadcrumbList\",\"@id\":\"https:\/\/villas.hosting.omsag.de\/cote-dazur-a-z\/mougins-valbonne-grasse\/#breadcrumb\",\"itemListElement\":[{\"@type\":\"ListItem\",\"position\":1,\"name\":\"Startseite\",\"item\":\"https:\/\/villas.hosting.omsag.de\/\"},{\"@type\":\"ListItem\",\"position\":2,\"name\":\"Cote Dazur A-Z\",\"item\":\"https:\/\/villas.hosting.omsag.de\/cote-dazur-a-z\/\"},{\"@type\":\"ListItem\",\"position\":3,\"name\":\"Mougins-Valbonne-Grasse\"}]},{\"@type\":\"WebSite\",\"@id\":\"https:\/\/villas.hosting.omsag.de\/#website\",\"url\":\"https:\/\/villas.hosting.omsag.de\/\",\"name\":\"MaisonAzur\",\"description\":\"\",\"potentialAction\":[{\"@type\":\"SearchAction\",\"target\":{\"@type\":\"EntryPoint\",\"urlTemplate\":\"https:\/\/villas.hosting.omsag.de\/?s={search_term_string}\"},\"query-input\":{\"@type\":\"PropertyValueSpecification\",\"valueRequired\":true,\"valueName\":\"search_term_string\"}}],\"inLanguage\":\"en-US\"}]}<\/script>\n<!-- \/ Yoast SEO plugin. -->","yoast_head_json":{"title":"Mougins-Valbonne-Grasse - MaisonAzur","robots":{"index":"index","follow":"follow","max-snippet":"max-snippet:-1","max-image-preview":"max-image-preview:large","max-video-preview":"max-video-preview:-1"},"canonical":"https:\/\/villas.hosting.omsag.de\/cote-dazur-a-z\/mougins-valbonne-grasse\/","og_locale":"en_US","og_type":"article","og_title":"Mougins-Valbonne-Grasse - MaisonAzur","og_description":"[vc_row][vc_column][vc_column_text css=&#8221;.vc_custom_1685443025886{margin-bottom: 20px !important;}&#8221;] Das Hinterland der C\u00f4te d\u2019Azur kennenlernen \u2013 im privaten Ferienhaus mit Pool Sie m\u00f6chten Ihren Urlaub an der einzigartigen\u00a0C\u00f4te d\u2019Azur\u00a0buchen und w\u00e4hrend dieser Zeit im eigenen\u00a0Ferienhaus mit Pool\u00a0wohnen? Gleichzeitig interessiert es Sie, die zauberhafte Region einmal von einem anderen Blickwinkel, etwas weiter im Hinterland der ber\u00fchmten K\u00fcstenst\u00e4dte kennenzulernen? Dann sind Sie ...","og_url":"https:\/\/villas.hosting.omsag.de\/cote-dazur-a-z\/mougins-valbonne-grasse\/","og_site_name":"MaisonAzur","article_modified_time":"2024-07-15T12:21:39+00:00","twitter_card":"summary_large_image","twitter_misc":{"Est. reading time":"3 minutes"},"schema":{"@context":"https:\/\/schema.org","@graph":[{"@type":"WebPage","@id":"https:\/\/villas.hosting.omsag.de\/cote-dazur-a-z\/mougins-valbonne-grasse\/","url":"https:\/\/villas.hosting.omsag.de\/cote-dazur-a-z\/mougins-valbonne-grasse\/","name":"Mougins-Valbonne-Grasse - MaisonAzur","isPartOf":{"@id":"https:\/\/villas.hosting.omsag.de\/#website"},"datePublished":"2023-05-30T10:37:36+00:00","dateModified":"2024-07-15T12:21:39+00:00","breadcrumb":{"@id":"https:\/\/villas.hosting.omsag.de\/cote-dazur-a-z\/mougins-valbonne-grasse\/#breadcrumb"},"inLanguage":"en-US","potentialAction":[{"@type":"ReadAction","target":["https:\/\/villas.hosting.omsag.de\/cote-dazur-a-z\/mougins-valbonne-grasse\/"]}]},{"@type":"BreadcrumbList","@id":"https:\/\/villas.hosting.omsag.de\/cote-dazur-a-z\/mougins-valbonne-grasse\/#breadcrumb","itemListElement":[{"@type":"ListItem","position":1,"name":"Startseite","item":"https:\/\/villas.hosting.omsag.de\/"},{"@type":"ListItem","position":2,"name":"Cote Dazur A-Z","item":"https:\/\/villas.hosting.omsag.de\/cote-dazur-a-z\/"},{"@type":"ListItem","position":3,"name":"Mougins-Valbonne-Grasse"}]},{"@type":"WebSite","@id":"https:\/\/villas.hosting.omsag.de\/#website","url":"https:\/\/villas.hosting.omsag.de\/","name":"MaisonAzur","description":"","potentialAction":[{"@type":"SearchAction","target":{"@type":"EntryPoint","urlTemplate":"https:\/\/villas.hosting.omsag.de\/?s={search_term_string}"},"query-input":{"@type":"PropertyValueSpecification","valueRequired":true,"valueName":"search_term_string"}}],"inLanguage":"en-US"}]}},"_links":{"self":[{"href":"https:\/\/villas.hosting.omsag.de\/en\/wp-json\/wp\/v2\/pages\/37023","targetHints":{"allow":["GET"]}}],"collection":[{"href":"https:\/\/villas.hosting.omsag.de\/en\/wp-json\/wp\/v2\/pages"}],"about":[{"href":"https:\/\/villas.hosting.omsag.de\/en\/wp-json\/wp\/v2\/types\/page"}],"author":[{"embeddable":true,"href":"https:\/\/villas.hosting.omsag.de\/en\/wp-json\/wp\/v2\/users\/1"}],"replies":[{"embeddable":true,"href":"https:\/\/villas.hosting.omsag.de\/en\/wp-json\/wp\/v2\/comments?post=37023"}],"version-history":[{"count":1,"href":"https:\/\/villas.hosting.omsag.de\/en\/wp-json\/wp\/v2\/pages\/37023\/revisions"}],"predecessor-version":[{"id":38744,"href":"https:\/\/villas.hosting.omsag.de\/en\/wp-json\/wp\/v2\/pages\/37023\/revisions\/38744"}],"up":[{"embeddable":true,"href":"https:\/\/villas.hosting.omsag.de\/en\/wp-json\/wp\/v2\/pages\/29035"}],"wp:attachment":[{"href":"https:\/\/villas.hosting.omsag.de\/en\/wp-json\/wp\/v2\/media?parent=37023"}],"curies":[{"name":"wp","href":"https:\/\/api.w.org\/{rel}","templated":true}]}}