{"id":37024,"date":"2023-05-30T12:42:19","date_gmt":"2023-05-30T10:42:19","guid":{"rendered":"https:\/\/vcd.oms-smart.de\/?page_id=37024"},"modified":"2024-07-15T14:11:26","modified_gmt":"2024-07-15T12:11:26","slug":"st-paul-vence-tourrettes-la-colle-sur-loup","status":"publish","type":"page","link":"https:\/\/villas.hosting.omsag.de\/en\/cote-dazur-a-z\/st-paul-vence-tourrettes-la-colle-sur-loup\/","title":{"rendered":"Urlaub an der C\u00f4te d\u2019Azur \u2013 im malerischen St. Paul-Vence"},"content":{"rendered":"<section class=\"wpb-content-wrapper\"><p>[vc_row][vc_column][vc_column_text css=&#8221;.vc_custom_1685443334546{margin-bottom: 50px !important;}&#8221;]Der wohl bekannteste K\u00fcnstlerort an der C\u00f4te d&#8217;Azur ist ST. PAUL-DE-VENCE. Ein Bergdorf wie aus dem Bilderbuch: idyllisch auf einem H\u00fcgel gelegen, nur f\u00fcnf Kilometer vom Meer entfernt. Im Inneren gibt es viele h\u00fcbsche G\u00e4sschen mit den unterschiedlichsten Galerien,\u00a0Souvenirl\u00e4den und Restaurants. Rund um St. Paul liegen tolle Ferienh\u00e4user und Luxusvillen mit Pool und traumhaft sch\u00f6nem Meerblick. Unter anderem hatte hier auch der Schauspieler Curd J\u00fcrgens seinen Wohnsitz.<\/p>\n<p>Urlaub an der C\u00f4te d&#8217;Azur \u2013 warum nicht mal bei Saint-Paul-de-Vence? Den Ort, um den es im Mittelalter heftige K\u00e4mpfe gab, existiert bereits \u00fcber 2.000 Jahren. So wurde im 16. Jahrhundert die Befestigungsmauer um den Ort herum erbaut; diese ist heute noch weitgehend erhalten und besonders beeindruckend. Am Eingang liegt der ber\u00fchmte Bouleplatz, an dem alle franz\u00f6sischen Filmgr\u00f6\u00dfen, so beispielsweise auch Jean-Paul Belmondo, Boule spielten.<\/p>\n<p>Das kleine, malerische Saint-Paul-de-Vence mit seinen knapp 3.000\u00a0Einwohnern ist in Frankreich der Ort mit den h\u00f6chsten Besucherzahlen. Wer an moderner Kunst interessiert ist, kann am Rande des Dorfes die in einem herrlichen Park liegende, einzigartige Fondation Maeght besichtigen, die auch f\u00fcr Kunst-Unerfahrene ein Must ist.[\/vc_column_text][vc_column_text css=&#8221;.vc_custom_1706018419128{margin-top: 50px !important;margin-bottom: 50px !important;}&#8221;]<\/p>\n<h2>Urlaub an der C\u00f4te d&#8217;Azur: Vom Ferienhaus in Nizza die Umgebung erkunden \u2013 oder ein wundersch\u00f6nes Haus in Vence mieten<\/h2>\n<p>VENCE \u2013 die &#8220;Cit\u00e9 des Arts&#8221; \u2013 geh\u00f6rt ebenfalls zu den beliebtesten franz\u00f6sischen Reisezielen: Schon Matisse hat dort gewohnt und sein Meisterwerk, die ber\u00fchmte Matisse-Kapelle, entworfen. Auch heute noch leben und arbeiten hier einige namhafte K\u00fcnstler. Vertr\u00e4umte alte Stra\u00dfen, belebte M\u00e4rkte, Kunstgalerien, zahlreiche Restaurants, L\u00e4den mit handwerklichen Produkten und provenzalische Spezialit\u00e4ten finden sich im legend\u00e4ren Vence in H\u00fclle und F\u00fclle.<\/p>\n<p>Die ehemalige Bischofsstadt liegt am Fu\u00dfe der drei &#8220;Baous&#8221;, den beeindruckenden Felsen, zu deren Gipfeln man \u00fcber Wanderwege mit Traumblick aufsteigen kann. Vence ist im Sommer \u2013 aber auch in der Nebensaison \u2013 ein sehr lebendiger und beliebter Ort. Im Juli\/August findet hier das sehr gut besuchte Musikfestival &#8220;Les Nuits du Sud&#8221; statt, ein Event f\u00fcr die ganze Familie.\u00a0Die Ferienh\u00e4user in Vence, die Sie bei uns f\u00fcr Ihren Urlaub an der C\u00f4te d&#8217;Azur mieten k\u00f6nnen, haben fast alle einen traumhaften Weitblick \u2013 im Winter sogar bis hin zu den verschneiten Seealpen und bis nach Korsika!<\/p>\n<p>Sehenswert sind auch die Nachbarorte ST. JEANNET, TOURRETTES-SUR-LOUP, LA COLLE-SUR-LOUP und BAR-SUR-LOUP \u2013 mit ihren wundersch\u00f6nen und sehr romantischen Gassen und Pl\u00e4tzen. Ob Sie sich f\u00fcr ein traumhaftes\u00a0<a href=\"https:\/\/villas-cote-d-azur.de\/en\/?post_type=estate_property&#038;p=35544\">Ferienhaus in Nizza<\/a>\u00a0oder in Vence entscheiden: Bei einem Urlaub an der C\u00f4te d&#8217;Azur gibt es zu jeder Jahreszeit eine reiche Vielfalt bezaubernder Ausflugsziele zu entdecken![\/vc_column_text]<div class=\" bottom-estate_property nobutton \"><div class=\" items_shortcode_wrapper\">\n<div itemscope itemtype=\"http:\/\/schema.org\/Product\" class=\"listing_wrapper col-md-6 shortcode-col property_unit_v3  property_flex propety_unit_3\" data-org=\"4\" data-listid=\"35529\" >\n    \n    <div class=\"property_listing\" >\n        \n\n            <div class=\"listing-unit-img-wrapper\"><a href=\"https:\/\/villas.hosting.omsag.de\/en\/properties\/st-paul-de-vence-villa-de-serre\/\" target=\"_self\" ><img decoding=\"async\" itemprop=\"image\" src=\"https:\/\/villas.hosting.omsag.de\/wp-content\/uploads\/2023\/11\/IMG_1908-400x314.jpeg\"   class=\"b-lazy img-responsive wp-post-image lazy-hidden\" alt=\"ST. PAUL-DE-VENCE, VILLA \u00abDE SERRE\u00bb\" \/><\/a><div class=\"price_unit_wrapper\"> <\/div><div class=\"price_unit\">Hauptsaison ab 4.590 \u20ac\/Woche<br \/>\r\nNebensaison ab 2.790 \u20ac\/Woche<\/div><\/div>\n            <div class=\"property_unit_action\">\n                <span class=\"icon-fav icon-fav-off\" data-original-title=\"add to favorites\" data-postid=\"35529\"><i class=\"fas fa-heart\"><\/i><\/span>\n            <\/div>\n\n\n\n            <div class=\"property_status_wrapper\"><\/div>\n            <div class=\"title-container\">\n\t\t\t\n\t\t\t<div class=\"symbole\" style=\"margin-top:20px;\"><img decoding=\"async\" class=\"proicon\" src=\"https:\/\/villas-cote-d-azur.de\/wp-content\/uploads\/2015\/05\/i-pool2x.png\" width=\"50\" alt=\"Haustier m\u00f6glich\"><img decoding=\"async\" class=\"proicon\" src=\"https:\/\/villas-cote-d-azur.de\/wp-content\/uploads\/2015\/05\/i-wifi2x.png\" width=\"50\" alt=\"Haustier m\u00f6glich\"><img decoding=\"async\" class=\"proicon\" src=\"https:\/\/villas-cote-d-azur.de\/wp-content\/uploads\/2015\/05\/i-family2x.png\" width=\"50\" alt=\"Haustier m\u00f6glich\"><img decoding=\"async\" class=\"proicon\" src=\"https:\/\/villas-cote-d-azur.de\/wp-content\/uploads\/2015\/05\/i-dog2x.png\" width=\"50\" alt=\"Haustier m\u00f6glich\"><img decoding=\"async\" class=\"proicon\" src=\"https:\/\/villas-cote-d-azur.de\/wp-content\/uploads\/2015\/05\/i-parking2x.png\" width=\"50\" alt=\"Haustier m\u00f6glich\"><\/div>\n                <div class=\"property-rating\"><i class=\"fas fa-star\"><\/i><i class=\"fas fa-star\"><\/i><i class=\"fas fa-star\"><\/i><i class=\"fas fa-star\"><\/i><i class=\"fas fa-star\"><\/i><\/div>\n                <div class=\"category_name\">\n                        <a  itemprop=\"url\"  href=\"https:\/\/villas.hosting.omsag.de\/en\/properties\/st-paul-de-vence-villa-de-serre\/\"  class=\"listing_title_unit\" >\n    \n    \n<!--    <span itemprop=\"name\">-->\n    ST. PAUL-DE-VENCE, VILLA \u00abDE SERRE\u00bb<!--    <\/span>-->\n<\/a>\t\t\t\t\t<span class=\"referenz\">V10\/StPaul\/Serre<\/span>                    <div class=\"category_tagline actions_icon\">\n                        \t\t\t\t\t\t                    <\/div>\n\n                    <div class=\"category_tagline custom_details\">xxx\n                       <div class=\"custom_listing_data\"><i class=\"fas fa-home\"><\/i>250 m<sup>2<\/sup><\/div><div class=\"custom_listing_data\"><i class=\"fas fa-users\"><\/i>10<\/div><div class=\"custom_listing_data\"><i class=\"fas fa-bed\"><\/i>5<\/div><div class=\"custom_listing_data\"><i class=\"fas fa-map-marker-alt\"><\/i><a href=\"https:\/\/villas.hosting.omsag.de\/en\/city\/nizza-en\/\" rel=\"tag\">Nizza<\/a><\/div>\t\t\t\t\t\n\t\t\t\t\t<div class=\"haus-besch\">---<p>\t\t\t\t\t<\/div>\n                    <\/div>\n\t\t\t\t\t<div class=\"mehrerfahren\">\n\t\t\t\t\t<a href=\"https:\/\/villas.hosting.omsag.de\/en\/properties\/st-paul-de-vence-villa-de-serre\/\"  class=\"weiterlesen\" >MEHR DETAILS<\/a>\n\t\t\t\t\t<\/div>\n                <\/div>\n\t\t\t\t\n\n            <\/div>\n            <\/div>\n<\/div>\n<\/div><\/div>[\/vc_column][\/vc_row]<\/p>\n<\/section>","protected":false},"excerpt":{"rendered":"<p>[vc_row][vc_column][vc_column_text css=&#8221;.vc_custom_1685443334546{margin-bottom: 50px !important;}&#8221;]Der wohl bekannteste K\u00fcnstlerort an der C\u00f4te d&#8217;Azur ist ST. PAUL-DE-VENCE. Ein Bergdorf wie aus dem Bilderbuch: idyllisch auf einem H\u00fcgel gelegen, nur f\u00fcnf Kilometer vom Meer entfernt. Im Inneren gibt es viele h\u00fcbsche G\u00e4sschen mit den unterschiedlichsten Galerien,\u00a0Souvenirl\u00e4den und Restaurants. Rund um St. Paul liegen tolle Ferienh\u00e4user und Luxusvillen mit Pool &#8230;<\/p>\n","protected":false},"author":1,"featured_media":0,"parent":29035,"menu_order":0,"comment_status":"closed","ping_status":"closed","template":"","meta":{"_acf_changed":false,"footnotes":""},"class_list":["post-37024","page","type-page","status-publish","hentry"],"acf":[],"yoast_head":"<!-- This site is optimized with the Yoast SEO plugin v24.1 - https:\/\/yoast.com\/wordpress\/plugins\/seo\/ -->\n<title>Urlaub an der C\u00f4te d\u2019Azur \u2013 im malerischen St. Paul-Vence - MaisonAzur<\/title>\n<meta name=\"robots\" content=\"index, follow, max-snippet:-1, max-image-preview:large, max-video-preview:-1\" \/>\n<link rel=\"canonical\" href=\"https:\/\/villas.hosting.omsag.de\/cote-dazur-a-z\/st-paul-vence-tourrettes-la-colle-sur-loup\/\" \/>\n<meta property=\"og:locale\" content=\"en_US\" \/>\n<meta property=\"og:type\" content=\"article\" \/>\n<meta property=\"og:title\" content=\"Urlaub an der C\u00f4te d\u2019Azur \u2013 im malerischen St. Paul-Vence - MaisonAzur\" \/>\n<meta property=\"og:description\" content=\"[vc_row][vc_column][vc_column_text css=&#8221;.vc_custom_1685443334546{margin-bottom: 50px !important;}&#8221;]Der wohl bekannteste K\u00fcnstlerort an der C\u00f4te d&#8217;Azur ist ST. PAUL-DE-VENCE. Ein Bergdorf wie aus dem Bilderbuch: idyllisch auf einem H\u00fcgel gelegen, nur f\u00fcnf Kilometer vom Meer entfernt. Im Inneren gibt es viele h\u00fcbsche G\u00e4sschen mit den unterschiedlichsten Galerien,\u00a0Souvenirl\u00e4den und Restaurants. Rund um St. Paul liegen tolle Ferienh\u00e4user und Luxusvillen mit Pool ...\" \/>\n<meta property=\"og:url\" content=\"https:\/\/villas.hosting.omsag.de\/cote-dazur-a-z\/st-paul-vence-tourrettes-la-colle-sur-loup\/\" \/>\n<meta property=\"og:site_name\" content=\"MaisonAzur\" \/>\n<meta property=\"article:modified_time\" content=\"2024-07-15T12:11:26+00:00\" \/>\n<meta name=\"twitter:card\" content=\"summary_large_image\" \/>\n<meta name=\"twitter:label1\" content=\"Est. reading time\" \/>\n\t<meta name=\"twitter:data1\" content=\"2 minutes\" \/>\n<script type=\"application\/ld+json\" class=\"yoast-schema-graph\">{\"@context\":\"https:\/\/schema.org\",\"@graph\":[{\"@type\":\"WebPage\",\"@id\":\"https:\/\/villas.hosting.omsag.de\/cote-dazur-a-z\/st-paul-vence-tourrettes-la-colle-sur-loup\/\",\"url\":\"https:\/\/villas.hosting.omsag.de\/cote-dazur-a-z\/st-paul-vence-tourrettes-la-colle-sur-loup\/\",\"name\":\"Urlaub an der C\u00f4te d\u2019Azur \u2013 im malerischen St. Paul-Vence - MaisonAzur\",\"isPartOf\":{\"@id\":\"https:\/\/villas.hosting.omsag.de\/#website\"},\"datePublished\":\"2023-05-30T10:42:19+00:00\",\"dateModified\":\"2024-07-15T12:11:26+00:00\",\"breadcrumb\":{\"@id\":\"https:\/\/villas.hosting.omsag.de\/cote-dazur-a-z\/st-paul-vence-tourrettes-la-colle-sur-loup\/#breadcrumb\"},\"inLanguage\":\"en-US\",\"potentialAction\":[{\"@type\":\"ReadAction\",\"target\":[\"https:\/\/villas.hosting.omsag.de\/cote-dazur-a-z\/st-paul-vence-tourrettes-la-colle-sur-loup\/\"]}]},{\"@type\":\"BreadcrumbList\",\"@id\":\"https:\/\/villas.hosting.omsag.de\/cote-dazur-a-z\/st-paul-vence-tourrettes-la-colle-sur-loup\/#breadcrumb\",\"itemListElement\":[{\"@type\":\"ListItem\",\"position\":1,\"name\":\"Startseite\",\"item\":\"https:\/\/villas.hosting.omsag.de\/\"},{\"@type\":\"ListItem\",\"position\":2,\"name\":\"Cote Dazur A-Z\",\"item\":\"https:\/\/villas.hosting.omsag.de\/cote-dazur-a-z\/\"},{\"@type\":\"ListItem\",\"position\":3,\"name\":\"Urlaub an der C\u00f4te d\u2019Azur \u2013 im malerischen St. Paul-Vence\"}]},{\"@type\":\"WebSite\",\"@id\":\"https:\/\/villas.hosting.omsag.de\/#website\",\"url\":\"https:\/\/villas.hosting.omsag.de\/\",\"name\":\"MaisonAzur\",\"description\":\"\",\"potentialAction\":[{\"@type\":\"SearchAction\",\"target\":{\"@type\":\"EntryPoint\",\"urlTemplate\":\"https:\/\/villas.hosting.omsag.de\/?s={search_term_string}\"},\"query-input\":{\"@type\":\"PropertyValueSpecification\",\"valueRequired\":true,\"valueName\":\"search_term_string\"}}],\"inLanguage\":\"en-US\"}]}<\/script>\n<!-- \/ Yoast SEO plugin. -->","yoast_head_json":{"title":"Urlaub an der C\u00f4te d\u2019Azur \u2013 im malerischen St. Paul-Vence - MaisonAzur","robots":{"index":"index","follow":"follow","max-snippet":"max-snippet:-1","max-image-preview":"max-image-preview:large","max-video-preview":"max-video-preview:-1"},"canonical":"https:\/\/villas.hosting.omsag.de\/cote-dazur-a-z\/st-paul-vence-tourrettes-la-colle-sur-loup\/","og_locale":"en_US","og_type":"article","og_title":"Urlaub an der C\u00f4te d\u2019Azur \u2013 im malerischen St. Paul-Vence - MaisonAzur","og_description":"[vc_row][vc_column][vc_column_text css=&#8221;.vc_custom_1685443334546{margin-bottom: 50px !important;}&#8221;]Der wohl bekannteste K\u00fcnstlerort an der C\u00f4te d&#8217;Azur ist ST. PAUL-DE-VENCE. Ein Bergdorf wie aus dem Bilderbuch: idyllisch auf einem H\u00fcgel gelegen, nur f\u00fcnf Kilometer vom Meer entfernt. Im Inneren gibt es viele h\u00fcbsche G\u00e4sschen mit den unterschiedlichsten Galerien,\u00a0Souvenirl\u00e4den und Restaurants. Rund um St. Paul liegen tolle Ferienh\u00e4user und Luxusvillen mit Pool ...","og_url":"https:\/\/villas.hosting.omsag.de\/cote-dazur-a-z\/st-paul-vence-tourrettes-la-colle-sur-loup\/","og_site_name":"MaisonAzur","article_modified_time":"2024-07-15T12:11:26+00:00","twitter_card":"summary_large_image","twitter_misc":{"Est. reading time":"2 minutes"},"schema":{"@context":"https:\/\/schema.org","@graph":[{"@type":"WebPage","@id":"https:\/\/villas.hosting.omsag.de\/cote-dazur-a-z\/st-paul-vence-tourrettes-la-colle-sur-loup\/","url":"https:\/\/villas.hosting.omsag.de\/cote-dazur-a-z\/st-paul-vence-tourrettes-la-colle-sur-loup\/","name":"Urlaub an der C\u00f4te d\u2019Azur \u2013 im malerischen St. Paul-Vence - MaisonAzur","isPartOf":{"@id":"https:\/\/villas.hosting.omsag.de\/#website"},"datePublished":"2023-05-30T10:42:19+00:00","dateModified":"2024-07-15T12:11:26+00:00","breadcrumb":{"@id":"https:\/\/villas.hosting.omsag.de\/cote-dazur-a-z\/st-paul-vence-tourrettes-la-colle-sur-loup\/#breadcrumb"},"inLanguage":"en-US","potentialAction":[{"@type":"ReadAction","target":["https:\/\/villas.hosting.omsag.de\/cote-dazur-a-z\/st-paul-vence-tourrettes-la-colle-sur-loup\/"]}]},{"@type":"BreadcrumbList","@id":"https:\/\/villas.hosting.omsag.de\/cote-dazur-a-z\/st-paul-vence-tourrettes-la-colle-sur-loup\/#breadcrumb","itemListElement":[{"@type":"ListItem","position":1,"name":"Startseite","item":"https:\/\/villas.hosting.omsag.de\/"},{"@type":"ListItem","position":2,"name":"Cote Dazur A-Z","item":"https:\/\/villas.hosting.omsag.de\/cote-dazur-a-z\/"},{"@type":"ListItem","position":3,"name":"Urlaub an der C\u00f4te d\u2019Azur \u2013 im malerischen St. Paul-Vence"}]},{"@type":"WebSite","@id":"https:\/\/villas.hosting.omsag.de\/#website","url":"https:\/\/villas.hosting.omsag.de\/","name":"MaisonAzur","description":"","potentialAction":[{"@type":"SearchAction","target":{"@type":"EntryPoint","urlTemplate":"https:\/\/villas.hosting.omsag.de\/?s={search_term_string}"},"query-input":{"@type":"PropertyValueSpecification","valueRequired":true,"valueName":"search_term_string"}}],"inLanguage":"en-US"}]}},"_links":{"self":[{"href":"https:\/\/villas.hosting.omsag.de\/en\/wp-json\/wp\/v2\/pages\/37024","targetHints":{"allow":["GET"]}}],"collection":[{"href":"https:\/\/villas.hosting.omsag.de\/en\/wp-json\/wp\/v2\/pages"}],"about":[{"href":"https:\/\/villas.hosting.omsag.de\/en\/wp-json\/wp\/v2\/types\/page"}],"author":[{"embeddable":true,"href":"https:\/\/villas.hosting.omsag.de\/en\/wp-json\/wp\/v2\/users\/1"}],"replies":[{"embeddable":true,"href":"https:\/\/villas.hosting.omsag.de\/en\/wp-json\/wp\/v2\/comments?post=37024"}],"version-history":[{"count":3,"href":"https:\/\/villas.hosting.omsag.de\/en\/wp-json\/wp\/v2\/pages\/37024\/revisions"}],"predecessor-version":[{"id":37028,"href":"https:\/\/villas.hosting.omsag.de\/en\/wp-json\/wp\/v2\/pages\/37024\/revisions\/37028"}],"up":[{"embeddable":true,"href":"https:\/\/villas.hosting.omsag.de\/en\/wp-json\/wp\/v2\/pages\/29035"}],"wp:attachment":[{"href":"https:\/\/villas.hosting.omsag.de\/en\/wp-json\/wp\/v2\/media?parent=37024"}],"curies":[{"name":"wp","href":"https:\/\/api.w.org\/{rel}","templated":true}]}}